{"id":1135,"date":"2019-07-22T13:49:29","date_gmt":"2019-07-22T11:49:29","guid":{"rendered":"https:\/\/muap.sk\/?page_id=1135"},"modified":"2019-11-14T14:10:49","modified_gmt":"2019-11-14T13:10:49","slug":"zakazka-2019","status":"publish","type":"page","link":"https:\/\/muap.sk\/index.php\/verejne-informacie\/profil-verejneho-obstaravatela\/zakazka-2019\/","title":{"rendered":"Z\u00e1kazka 2019"},"content":{"rendered":"<h3><\/h3>\n<h3 style=\"text-align: center;\">Z\u00e1kazky pod\u013ea \u00a7 117<\/h3>\n<p>&nbsp;<\/p>\n<p style=\"text-align: center;\"><strong>Prieskum trhu 04\/2019: Dod\u00e1vka zemn\u00e9ho plynu na obdobie dvoch rokov<\/strong><\/p>\n<p style=\"text-align: center;\"><a href=\"https:\/\/muap.sk\/wp-content\/uploads\/2019\/11\/zapis_z_prieskumu-trhu_plyn.pdf\" target=\"_blank\" rel=\"noopener\"><strong>Z\u00e1pis z prieskumu trhu<\/strong><\/a><\/p>\n<p>&nbsp;<\/p>\n<hr \/>\n<p style=\"text-align: center;\"><strong>Prieskum trhu 03\/2019: Stoli\u010dky do spolo\u010denskej s\u00e1ly DK PE<\/strong><\/p>\n<p style=\"text-align: center;\"><a href=\"https:\/\/muap.sk\/wp-content\/uploads\/2019\/11\/zapis_z_prieskumu-trhu_stolicky.pdf\" target=\"_blank\" rel=\"noopener\"><strong>Z\u00e1pis z prieskumu trhu<\/strong><\/a><\/p>\n<p>&nbsp;<\/p>\n<hr \/>\n<p>&nbsp;<\/p>\n<p style=\"text-align: center;\"><strong>Rekon\u0161trukcia spolo\u010denskej s\u00e1ly DK \u2013 podlahy interi\u00e9ru spolo\u010denskej s\u00e1ly<br \/>\n<\/strong><br \/>\n<a href=\"https:\/\/muap.sk\/wp-content\/uploads\/2019\/08\/z\u00e1pis_z_prieskumu_trhu.pdf\" target=\"_blank\" rel=\"noopener\"><strong>Z\u00e1pis z prieskumu trhu<\/strong><\/a><\/p>\n<p>&nbsp;<\/p>\n<p>&nbsp;<\/p>\n<p>&nbsp;<\/p>\n","protected":false},"excerpt":{"rendered":"<p>Z\u00e1kazky pod\u013ea \u00a7 117 &nbsp; Prieskum trhu 04\/2019: Dod\u00e1vka zemn\u00e9ho plynu na obdobie dvoch rokov Z\u00e1pis z prieskumu trhu &nbsp; [&hellip;]<\/p>\n","protected":false},"author":1,"featured_media":0,"parent":436,"menu_order":0,"comment_status":"closed","ping_status":"closed","template":"page-templates\/full-width.php","meta":[],"_links":{"self":[{"href":"https:\/\/muap.sk\/index.php\/wp-json\/wp\/v2\/pages\/1135"}],"collection":[{"href":"https:\/\/muap.sk\/index.php\/wp-json\/wp\/v2\/pages"}],"about":[{"href":"https:\/\/muap.sk\/index.php\/wp-json\/wp\/v2\/types\/page"}],"author":[{"embeddable":true,"href":"https:\/\/muap.sk\/index.php\/wp-json\/wp\/v2\/users\/1"}],"replies":[{"embeddable":true,"href":"https:\/\/muap.sk\/index.php\/wp-json\/wp\/v2\/comments?post=1135"}],"version-history":[{"count":17,"href":"https:\/\/muap.sk\/index.php\/wp-json\/wp\/v2\/pages\/1135\/revisions"}],"predecessor-version":[{"id":1292,"href":"https:\/\/muap.sk\/index.php\/wp-json\/wp\/v2\/pages\/1135\/revisions\/1292"}],"up":[{"embeddable":true,"href":"https:\/\/muap.sk\/index.php\/wp-json\/wp\/v2\/pages\/436"}],"wp:attachment":[{"href":"https:\/\/muap.sk\/index.php\/wp-json\/wp\/v2\/media?parent=1135"}],"curies":[{"name":"wp","href":"https:\/\/api.w.org\/{rel}","templated":true}]}}