{"id":1187,"date":"2019-09-09T10:25:25","date_gmt":"2019-09-09T08:25:25","guid":{"rendered":"https:\/\/muap.sk\/?page_id=1187"},"modified":"2025-10-14T10:50:47","modified_gmt":"2025-10-14T08:50:47","slug":"zapisnice-z-vyberovych-konani","status":"publish","type":"page","link":"https:\/\/muap.sk\/index.php\/verejne-informacie\/zapisnice-z-vyberovych-konani\/","title":{"rendered":"Z\u00e1pisnice z v\u00fdberov\u00fdch konan\u00ed"},"content":{"rendered":"<h4 style=\"text-align: center;\"><a href=\"https:\/\/muap.sk\/wp-content\/uploads\/2025\/10\/zapis-z-vyberoveho-konania-upratovacka-2025.pdf\" target=\"_blank\" rel=\"noopener\"><strong>Z\u00e1pis z v\u00fdberov\u00e9ho konania na poz\u00edciu upratova\u010dka &#8211; zastupovanie 2025 \/ 14.10.2025<\/strong> <\/a><\/h4>\n<p>&nbsp;<\/p>\n<h4 style=\"text-align: center;\"><a href=\"https:\/\/muap.sk\/wp-content\/uploads\/2023\/10\/zapis_z_vyberoveho_konania_udrzbar_-javiskovy_technik2023.pdf\" target=\"_blank\" rel=\"noopener\"><strong>Z\u00e1pis z v\u00fdberov\u00e9ho konania javiskov\u00fd technik \u2013 \u00fadr\u017eb\u00e1r 2023 \/ 17.10.2023<\/strong> <\/a><\/h4>\n<p>&nbsp;<\/p>\n<h4 style=\"text-align: center;\"><a href=\"https:\/\/muap.sk\/wp-content\/uploads\/2022\/02\/zapis_vk_upratovacka2022.pdf\" target=\"_blank\" rel=\"noopener\"><strong>Z\u00e1pis z v\u00fdberov\u00e9ho konania upratova\u010dka 2022<\/strong> \/ 14.2.2022<\/a><\/h4>\n<p>&nbsp;<\/p>\n<h4 style=\"text-align: center;\"><a href=\"https:\/\/muap.sk\/wp-content\/uploads\/2021\/08\/zapis_z_vk.pdf\" target=\"_blank\" rel=\"noopener\"><strong>Z\u00e1pis z v\u00fdberov\u00e9ho konania upratova\u010dka 2021<\/strong> \/ 24.6.2021<\/a><\/h4>\n<p>&nbsp;<\/p>\n<h4 style=\"text-align: center;\"><a href=\"https:\/\/muap.sk\/wp-content\/uploads\/2019\/09\/z\u00e1pis-z-v\u00fdberov\u00e9ho-konania-grafik-2019.pdf\" target=\"_blank\" rel=\"noopener\"><strong>Z\u00e1pis z v\u00fdberov\u00e9ho konania grafik 2019<\/strong> \/ 27.2.2019<\/a><\/h4>\n<p>&nbsp;<\/p>\n<h4 style=\"text-align: center;\"><a href=\"https:\/\/muap.sk\/wp-content\/uploads\/2019\/09\/z\u00e1pis-z-v\u00fdberov\u00e9ho-konania-knihovn\u00edk-2019.pdf\" target=\"_blank\" rel=\"noopener\"><strong>Z\u00e1pis z v\u00fdberov\u00e9ho konania knihovn\u00edk 2019<\/strong> \/ 13.3.2019<\/a><\/h4>\n<p>&nbsp;<\/p>\n<h4 style=\"text-align: center;\"><a href=\"https:\/\/muap.sk\/wp-content\/uploads\/2019\/09\/z\u00e1pis-z-v\u00fdberov\u00e9ho-konania-upratova\u010dka-2019.pdf\" target=\"_blank\" rel=\"noopener\"><strong>Z\u00e1pis z v\u00fdberov\u00e9ho konania upratova\u010dka 2019<\/strong> \/ 4.9.2019<\/a><\/h4>\n<p>&nbsp;<\/p>\n<p>&nbsp;<\/p>\n<p>&nbsp;<\/p>\n<p>&nbsp;<\/p>\n","protected":false},"excerpt":{"rendered":"<p>Z\u00e1pis z v\u00fdberov\u00e9ho konania na poz\u00edciu upratova\u010dka &#8211; zastupovanie 2025 \/ 14.10.2025 &nbsp; Z\u00e1pis z v\u00fdberov\u00e9ho konania javiskov\u00fd technik \u2013 [&hellip;]<\/p>\n","protected":false},"author":1,"featured_media":0,"parent":356,"menu_order":0,"comment_status":"closed","ping_status":"closed","template":"page-templates\/full-width.php","meta":[],"_links":{"self":[{"href":"https:\/\/muap.sk\/index.php\/wp-json\/wp\/v2\/pages\/1187"}],"collection":[{"href":"https:\/\/muap.sk\/index.php\/wp-json\/wp\/v2\/pages"}],"about":[{"href":"https:\/\/muap.sk\/index.php\/wp-json\/wp\/v2\/types\/page"}],"author":[{"embeddable":true,"href":"https:\/\/muap.sk\/index.php\/wp-json\/wp\/v2\/users\/1"}],"replies":[{"embeddable":true,"href":"https:\/\/muap.sk\/index.php\/wp-json\/wp\/v2\/comments?post=1187"}],"version-history":[{"count":15,"href":"https:\/\/muap.sk\/index.php\/wp-json\/wp\/v2\/pages\/1187\/revisions"}],"predecessor-version":[{"id":4447,"href":"https:\/\/muap.sk\/index.php\/wp-json\/wp\/v2\/pages\/1187\/revisions\/4447"}],"up":[{"embeddable":true,"href":"https:\/\/muap.sk\/index.php\/wp-json\/wp\/v2\/pages\/356"}],"wp:attachment":[{"href":"https:\/\/muap.sk\/index.php\/wp-json\/wp\/v2\/media?parent=1187"}],"curies":[{"name":"wp","href":"https:\/\/api.w.org\/{rel}","templated":true}]}}