{"id":1632,"date":"2020-07-29T10:26:41","date_gmt":"2020-07-29T08:26:41","guid":{"rendered":"https:\/\/muap.sk\/?page_id=1632"},"modified":"2021-07-19T08:39:16","modified_gmt":"2021-07-19T06:39:16","slug":"zakazka-2020","status":"publish","type":"page","link":"https:\/\/muap.sk\/index.php\/verejne-informacie\/profil-verejneho-obstaravatela\/zakazka-2020\/","title":{"rendered":"Z\u00e1kazka 2020"},"content":{"rendered":"<h3><\/h3>\n<h3 style=\"text-align: center;\">Z\u00e1kazky pod\u013ea \u00a7 117<\/h3>\n<p>&nbsp;<\/p>\n<p style=\"text-align: center;\"><strong><a href=\"https:\/\/muap.sk\/wp-content\/uploads\/2020\/12\/zapis.pdf\" target=\"_blank\" rel=\"noopener\">Z\u00e1pis z\u00a0Prieskumu trhu 3\/2020<\/a>: Rekon\u0161trukcia a moderniz\u00e1cia objektu Mestskej kni\u017enice Partiz\u00e1nske \u2013 Elektroin\u0161tal\u00e1cia MsK<\/strong><\/p>\n<p>&nbsp;<\/p>\n<p style=\"text-align: center;\"><strong><a href=\"https:\/\/muap.sk\/wp-content\/uploads\/2020\/10\/zapis_z_prieskumu-trhu_tlaciaren.pdf\" target=\"_blank\" rel=\"noopener\">Z\u00e1pis z Prieskumu trhu 02\/2020<\/a>: Pren\u00e1jom tla\u010diarne a obstaranie tla\u010de na obdobie 5 rokov<br \/>\n<\/strong><\/p>\n<p>&nbsp;<\/p>\n<p style=\"text-align: center;\"><strong><a href=\"https:\/\/muap.sk\/wp-content\/uploads\/2020\/08\/zapis_1_2020.pdf\" target=\"_blank\" rel=\"noopener\">Z\u00e1pis z\u00a0Prieskumu trhu 01\/2020<\/a>: Rekon\u0161trukcia plynovej kotolne v Dome kult\u00fary Partiz\u00e1nske<br \/>\n<\/strong><\/p>\n<p>&nbsp;<\/p>\n","protected":false},"excerpt":{"rendered":"<p>Z\u00e1kazky pod\u013ea \u00a7 117 &nbsp; Z\u00e1pis z\u00a0Prieskumu trhu 3\/2020: Rekon\u0161trukcia a moderniz\u00e1cia objektu Mestskej kni\u017enice Partiz\u00e1nske \u2013 Elektroin\u0161tal\u00e1cia MsK &nbsp; [&hellip;]<\/p>\n","protected":false},"author":1,"featured_media":0,"parent":436,"menu_order":0,"comment_status":"closed","ping_status":"closed","template":"page-templates\/full-width.php","meta":[],"_links":{"self":[{"href":"https:\/\/muap.sk\/index.php\/wp-json\/wp\/v2\/pages\/1632"}],"collection":[{"href":"https:\/\/muap.sk\/index.php\/wp-json\/wp\/v2\/pages"}],"about":[{"href":"https:\/\/muap.sk\/index.php\/wp-json\/wp\/v2\/types\/page"}],"author":[{"embeddable":true,"href":"https:\/\/muap.sk\/index.php\/wp-json\/wp\/v2\/users\/1"}],"replies":[{"embeddable":true,"href":"https:\/\/muap.sk\/index.php\/wp-json\/wp\/v2\/comments?post=1632"}],"version-history":[{"count":17,"href":"https:\/\/muap.sk\/index.php\/wp-json\/wp\/v2\/pages\/1632\/revisions"}],"predecessor-version":[{"id":2115,"href":"https:\/\/muap.sk\/index.php\/wp-json\/wp\/v2\/pages\/1632\/revisions\/2115"}],"up":[{"embeddable":true,"href":"https:\/\/muap.sk\/index.php\/wp-json\/wp\/v2\/pages\/436"}],"wp:attachment":[{"href":"https:\/\/muap.sk\/index.php\/wp-json\/wp\/v2\/media?parent=1632"}],"curies":[{"name":"wp","href":"https:\/\/api.w.org\/{rel}","templated":true}]}}