{"id":2116,"date":"2021-07-19T08:47:01","date_gmt":"2021-07-19T06:47:01","guid":{"rendered":"https:\/\/muap.sk\/?page_id=2116"},"modified":"2021-11-05T11:02:02","modified_gmt":"2021-11-05T10:02:02","slug":"zakazka-2021","status":"publish","type":"page","link":"https:\/\/muap.sk\/index.php\/verejne-informacie\/profil-verejneho-obstaravatela\/zakazka-2021\/","title":{"rendered":"Z\u00e1kazka 2021"},"content":{"rendered":"<h3><\/h3>\n<h3 style=\"text-align: center;\">Z\u00e1kazky pod\u013ea \u00a7 117<\/h3>\n<p>&nbsp;<\/p>\n<p style=\"text-align: center;\"><strong><br \/>\n<a href=\"https:\/\/muap.sk\/wp-content\/uploads\/2021\/11\/zapis_z_prieskumu_trhu_plyn.pdf\" target=\"_blank\" rel=\"noopener\">Z\u00e1pis z Prieskumu trhu \u010d. 4\/2021<\/a>: Dod\u00e1vka zemn\u00e9ho plynu na obdobie dvoch rokov<\/strong><\/p>\n<p>&nbsp;<\/p>\n<hr \/>\n<p>&nbsp;<\/p>\n<p style=\"text-align: center;\"><strong><br \/>\n<a href=\"https:\/\/muap.sk\/wp-content\/uploads\/2021\/08\/z\u00e1pis_opony.pdf\" target=\"_blank\" rel=\"noopener\">Z\u00e1pis z Prieskumu trhu \u010d. 3\/2021<\/a>: V\u00fdmena op\u00f4n v spolo\u010denskej s\u00e1le DK Partiz\u00e1nske <\/strong><\/p>\n<p>&nbsp;<\/p>\n<hr \/>\n<p>&nbsp;<\/p>\n<p style=\"text-align: center;\"><strong><br \/>\n<a href=\"https:\/\/muap.sk\/wp-content\/uploads\/2021\/08\/z\u00e1pis_radiatory.pdf\" target=\"_blank\" rel=\"noopener\">Z\u00e1pis z Prieskumu trhu \u010d. 2\/2021<\/a>: V\u00fdmena radi\u00e1torov v Mestskej kni\u017enici Partiz\u00e1nske<\/strong><\/p>\n<p>&nbsp;<\/p>\n","protected":false},"excerpt":{"rendered":"<p>Z\u00e1kazky pod\u013ea \u00a7 117 &nbsp; Z\u00e1pis z Prieskumu trhu \u010d. 4\/2021: Dod\u00e1vka zemn\u00e9ho plynu na obdobie dvoch rokov &nbsp; &nbsp; [&hellip;]<\/p>\n","protected":false},"author":1,"featured_media":0,"parent":436,"menu_order":0,"comment_status":"closed","ping_status":"closed","template":"page-templates\/full-width.php","meta":[],"_links":{"self":[{"href":"https:\/\/muap.sk\/index.php\/wp-json\/wp\/v2\/pages\/2116"}],"collection":[{"href":"https:\/\/muap.sk\/index.php\/wp-json\/wp\/v2\/pages"}],"about":[{"href":"https:\/\/muap.sk\/index.php\/wp-json\/wp\/v2\/types\/page"}],"author":[{"embeddable":true,"href":"https:\/\/muap.sk\/index.php\/wp-json\/wp\/v2\/users\/1"}],"replies":[{"embeddable":true,"href":"https:\/\/muap.sk\/index.php\/wp-json\/wp\/v2\/comments?post=2116"}],"version-history":[{"count":16,"href":"https:\/\/muap.sk\/index.php\/wp-json\/wp\/v2\/pages\/2116\/revisions"}],"predecessor-version":[{"id":2307,"href":"https:\/\/muap.sk\/index.php\/wp-json\/wp\/v2\/pages\/2116\/revisions\/2307"}],"up":[{"embeddable":true,"href":"https:\/\/muap.sk\/index.php\/wp-json\/wp\/v2\/pages\/436"}],"wp:attachment":[{"href":"https:\/\/muap.sk\/index.php\/wp-json\/wp\/v2\/media?parent=2116"}],"curies":[{"name":"wp","href":"https:\/\/api.w.org\/{rel}","templated":true}]}}