{"id":252,"date":"2016-10-05T05:36:12","date_gmt":"2016-10-05T05:36:12","guid":{"rendered":"http:\/\/localhost\/flash\/?page_id=4"},"modified":"2026-04-29T15:33:46","modified_gmt":"2026-04-29T13:33:46","slug":"home","status":"publish","type":"page","link":"https:\/\/muap.sk\/","title":{"rendered":"Home"},"content":{"rendered":"<div id=\"pl-252\"  class=\"panel-layout\" ><div id=\"pg-252-0\"  class=\"panel-grid panel-no-style\" ><div id=\"pgc-252-0-0\"  class=\"panel-grid-cell\" ><div id=\"panel-252-0-0-0\" class=\"so-panel widget widget_themegrill_flash_slider tg-section tg-slider-widget panel-first-child panel-last-child\" data-index=\"0\" ><div class=\"tg-slider-widget slider-light slider-content-left slider-control-bottom-right full-width\">\n\t<div class=\"swiper-container\">\n\t\t<div class=\"swiper-wrapper\">\n\t\t\t\n\t\t\t\t\t<div class=\"swiper-slide\">\n\t\t\t\t\t\t<figure class=\"slider-image\" >\n\t\t\t\t\t\t\t<img width=\"1625\" height=\"601\"\t\t\t\t\t\t\t\t\tsrc=\"https:\/\/muap.sk\/wp-content\/uploads\/bg.jpg\"\n\t\t\t\t\t\t\t\t\talt=\"\"\n\t\t\t\t\t\t\t\t\ttitle=\"\"\/>\n\t\t\t\t\t\t\t<div class=\"overlay\"><\/div>\n\t\t\t\t\t\t<\/figure>\n\t\t\t\t\t\t<div class=\"slider-content\">\n\t\t\t\t\t\t\t<div class=\"tg-container\">\n\t\t\t\t\t\t\t\t<div class=\"caption-title\"><\/div>\n\t\t\t\t\t\t\t\t<div class=\"caption-desc\"><\/div>\n\t\t\t\t\t\t\t\t\t\t\t\t\t\t\t<\/div>\n\t\t\t\t\t\t<\/div>\n\t\t\t\t\t<\/div>\n\n\t\t\t\t\n\t\t\t\t\t<div class=\"swiper-slide\">\n\t\t\t\t\t\t<figure class=\"slider-image\" >\n\t\t\t\t\t\t\t<img width=\"1625\" height=\"601\"\t\t\t\t\t\t\t\t\tsrc=\"https:\/\/muap.sk\/wp-content\/uploads\/2019\/06\/jesen.jpg\"\n\t\t\t\t\t\t\t\t\talt=\"\"\n\t\t\t\t\t\t\t\t\ttitle=\"\"\/>\n\t\t\t\t\t\t\t<div class=\"overlay\"><\/div>\n\t\t\t\t\t\t<\/figure>\n\t\t\t\t\t\t<div class=\"slider-content\">\n\t\t\t\t\t\t\t<div class=\"tg-container\">\n\t\t\t\t\t\t\t\t<div class=\"caption-title\"><\/div>\n\t\t\t\t\t\t\t\t<div class=\"caption-desc\"><\/div>\n\t\t\t\t\t\t\t\t\t\t\t\t\t\t\t<\/div>\n\t\t\t\t\t\t<\/div>\n\t\t\t\t\t<\/div>\n\n\t\t\t\t\n\t\t\t\t\t<div class=\"swiper-slide\">\n\t\t\t\t\t\t<figure class=\"slider-image\" >\n\t\t\t\t\t\t\t<img width=\"1625\" height=\"601\"\t\t\t\t\t\t\t\t\tsrc=\"https:\/\/muap.sk\/wp-content\/uploads\/2019\/06\/zima.jpg\"\n\t\t\t\t\t\t\t\t\talt=\"\"\n\t\t\t\t\t\t\t\t\ttitle=\"\"\/>\n\t\t\t\t\t\t\t<div class=\"overlay\"><\/div>\n\t\t\t\t\t\t<\/figure>\n\t\t\t\t\t\t<div class=\"slider-content\">\n\t\t\t\t\t\t\t<div class=\"tg-container\">\n\t\t\t\t\t\t\t\t<div class=\"caption-title\"><\/div>\n\t\t\t\t\t\t\t\t<div class=\"caption-desc\"><\/div>\n\t\t\t\t\t\t\t\t\t\t\t\t\t\t\t<\/div>\n\t\t\t\t\t\t<\/div>\n\t\t\t\t\t<\/div>\n\n\t\t\t\t\n\t\t\t\t\t<div class=\"swiper-slide\">\n\t\t\t\t\t\t<figure class=\"slider-image\" >\n\t\t\t\t\t\t\t<img width=\"1625\" height=\"601\"\t\t\t\t\t\t\t\t\tsrc=\"https:\/\/muap.sk\/wp-content\/uploads\/2019\/06\/jar.jpg\"\n\t\t\t\t\t\t\t\t\talt=\"\"\n\t\t\t\t\t\t\t\t\ttitle=\"\"\/>\n\t\t\t\t\t\t\t<div class=\"overlay\"><\/div>\n\t\t\t\t\t\t<\/figure>\n\t\t\t\t\t\t<div class=\"slider-content\">\n\t\t\t\t\t\t\t<div class=\"tg-container\">\n\t\t\t\t\t\t\t\t<div class=\"caption-title\"><\/div>\n\t\t\t\t\t\t\t\t<div class=\"caption-desc\"><\/div>\n\t\t\t\t\t\t\t\t\t\t\t\t\t\t\t<\/div>\n\t\t\t\t\t\t<\/div>\n\t\t\t\t\t<\/div>\n\n\t\t\t\t\t\t<\/div>\n\t\t<div class=\"swiper-pagination\"><\/div>\n\t\t<div class=\"slider-arrow\">\n\t\t\t<div class=\"swiper-button-next\"><\/div>\n\t\t\t<div class=\"swiper-button-prev\"><\/div>\n\t\t<\/div>\n\t<\/div>\n<\/div>\n<\/div><\/div><\/div><div id=\"pg-252-1\"  class=\"panel-grid panel-no-style\" ><div id=\"pgc-252-1-0\"  class=\"panel-grid-cell\" ><div id=\"panel-252-1-0-0\" class=\"so-panel widget widget_themegrill_flash_cta tg-widget call-to-action-section panel-first-child\" data-index=\"1\" ><div class=\"panel-widget-style panel-widget-style-for-252-1-0-0\" ><div class=\"cta-wrapper call-to-action-section-layout-2\">\n\t<div class=\"section-title-wrapper\">\n\t\t\t\t<h3 class=\"section-title\">Z\u00e1v\u00e4zn\u00e1 prihl\u00e1\u0161ka<\/h3>\n\t\t\t\t<h4 class=\"section-subtitle\">na predaj po\u010das podujat\u00ed usporad\u00favan\u00fdch MUA Partiz\u00e1nske okrem Viano\u010dn\u00e9ho \u010dasu<\/h4>\n\t\t\t<\/div>\n\t\t<div class=\"btn-wrapper\">\n\t\t\t\t<a class=\"btn\" href=\"https:\/\/muap.sk\/wp-content\/uploads\/2026\/02\/zavazna-prihlaska-na-web-1.pdf\">Prihl\u00e1\u0161ka<\/a>\n\t\t\t\t\t<\/div>\n\t<\/div>\n<\/div><\/div><div id=\"panel-252-1-0-1\" class=\"so-panel widget widget_themegrill_flash_cta tg-widget call-to-action-section\" data-index=\"2\" ><div class=\"flash_inherit_color panel-widget-style panel-widget-style-for-252-1-0-1\" ><div class=\"cta-wrapper call-to-action-section-layout-2\">\n\t<div class=\"section-title-wrapper\">\n\t\t\t\t<h3 class=\"section-title\">VODN\u00dd HRAD - rezerva\u010dn\u00fd syst\u00e9m<\/h3>\n\t\t\t\t<h4 class=\"section-subtitle\">Rezerva\u010dn\u00fd syst\u00e9m pre obrady vo VH \u0160imonovany - Svadby\/V\u00edtanie do \u017eivota<\/h4>\n\t\t\t<\/div>\n\t\t<div class=\"btn-wrapper\">\n\t\t\t\t<a class=\"btn\" href=\"https:\/\/muap.sk\/index.php\/kalendar\/\">Rezervuj<\/a>\n\t\t\t\t\t<\/div>\n\t<\/div>\n<\/div><\/div><div id=\"panel-252-1-0-2\" class=\"so-panel widget widget_themegrill_flash_image tg-widget tg-image-widget panel-last-child\" data-index=\"3\" >\t<a href=\"https:\/\/muap.sk\/wp-content\/uploads\/2026\/04\/Tyzden-a-dost-PLA-A3.jpg\"><img src=\"https:\/\/muap.sk\/wp-content\/uploads\/2026\/04\/Tyzden-a-dost-PLA-A3.jpg\" \/><\/a>\n<\/div><\/div><\/div><div id=\"pg-252-2\"  class=\"panel-grid panel-has-style\" ><div class=\"siteorigin-panels-stretch panel-row-style panel-row-style-for-252-2\" data-stretch-type=\"full-width-stretch\" ><div id=\"pgc-252-2-0\"  class=\"panel-grid-cell\" ><div id=\"panel-252-2-0-0\" class=\"so-panel widget widget_themegrill_flash_portfolio tg-section feature-product-section panel-first-child\" data-index=\"4\" ><div class=\"tg-feature-product-layout-1 tg-feature-product-filter-layout\"><div class=\"tg-container\"><div class=\"grid\"><div class=\"tg-column-wrapper\"><div class=\"tg-feature-product-widget element-item uxdesign tg-column-4 podujatia \" data-category=\"podujatia \"><figure><img width=\"1026\" height=\"1584\" src=\"https:\/\/muap.sk\/wp-content\/uploads\/2026\/05\/672335033_2073375213585829_3761405280313649370_n.jpg\" class=\"attachment-full size-full wp-post-image\" alt=\"\" loading=\"lazy\" srcset=\"https:\/\/muap.sk\/wp-content\/uploads\/2026\/05\/672335033_2073375213585829_3761405280313649370_n.jpg 1026w, https:\/\/muap.sk\/wp-content\/uploads\/2026\/05\/672335033_2073375213585829_3761405280313649370_n-194x300.jpg 194w, https:\/\/muap.sk\/wp-content\/uploads\/2026\/05\/672335033_2073375213585829_3761405280313649370_n-663x1024.jpg 663w, https:\/\/muap.sk\/wp-content\/uploads\/2026\/05\/672335033_2073375213585829_3761405280313649370_n-768x1186.jpg 768w, https:\/\/muap.sk\/wp-content\/uploads\/2026\/05\/672335033_2073375213585829_3761405280313649370_n-995x1536.jpg 995w\" sizes=\"(max-width: 1026px) 100vw, 1026px\" \/><\/figure><div class=\"featured-image-desc\"><span><a href=\"https:\/\/muap.sk\/index.php\/portfolio\/vystava-umenie-dedin\/\"><i class=\"fa fa-plus\"><\/i><\/a><\/span><div class=\"feature-inner-block\"><h3 class=\"feature-title-wrap\"><a href=\"https:\/\/muap.sk\/index.php\/portfolio\/vystava-umenie-dedin\/\">v\u00fdstava Umenie ded\u00edn<\/a><\/h3><h4 class=\"feature-desc-wrap\"><\/h4><\/div><\/div><\/div><div class=\"tg-feature-product-widget element-item uxdesign tg-column-4 podujatia \" data-category=\"podujatia \"><figure><img width=\"1120\" height=\"1584\" src=\"https:\/\/muap.sk\/wp-content\/uploads\/2026\/05\/Den-matiek-2026-PLA-A3.jpg\" class=\"attachment-full size-full wp-post-image\" alt=\"\" loading=\"lazy\" srcset=\"https:\/\/muap.sk\/wp-content\/uploads\/2026\/05\/Den-matiek-2026-PLA-A3.jpg 1120w, https:\/\/muap.sk\/wp-content\/uploads\/2026\/05\/Den-matiek-2026-PLA-A3-212x300.jpg 212w, https:\/\/muap.sk\/wp-content\/uploads\/2026\/05\/Den-matiek-2026-PLA-A3-724x1024.jpg 724w, https:\/\/muap.sk\/wp-content\/uploads\/2026\/05\/Den-matiek-2026-PLA-A3-768x1086.jpg 768w, https:\/\/muap.sk\/wp-content\/uploads\/2026\/05\/Den-matiek-2026-PLA-A3-1086x1536.jpg 1086w\" sizes=\"(max-width: 1120px) 100vw, 1120px\" \/><\/figure><div class=\"featured-image-desc\"><span><a href=\"https:\/\/muap.sk\/index.php\/portfolio\/koncert-ku-dnu-matiek\/\"><i class=\"fa fa-plus\"><\/i><\/a><\/span><div class=\"feature-inner-block\"><h3 class=\"feature-title-wrap\"><a href=\"https:\/\/muap.sk\/index.php\/portfolio\/koncert-ku-dnu-matiek\/\">koncert ku D\u0148u matiek<\/a><\/h3><h4 class=\"feature-desc-wrap\"><\/h4><\/div><\/div><\/div><div class=\"tg-feature-product-widget element-item uxdesign tg-column-4 podujatia \" data-category=\"podujatia \"><figure><img width=\"1120\" height=\"1584\" src=\"https:\/\/muap.sk\/wp-content\/uploads\/2026\/03\/smejko-a-tanculienka.jpg\" class=\"attachment-full size-full wp-post-image\" alt=\"\" loading=\"lazy\" srcset=\"https:\/\/muap.sk\/wp-content\/uploads\/2026\/03\/smejko-a-tanculienka.jpg 1120w, https:\/\/muap.sk\/wp-content\/uploads\/2026\/03\/smejko-a-tanculienka-212x300.jpg 212w, https:\/\/muap.sk\/wp-content\/uploads\/2026\/03\/smejko-a-tanculienka-724x1024.jpg 724w, https:\/\/muap.sk\/wp-content\/uploads\/2026\/03\/smejko-a-tanculienka-768x1086.jpg 768w, https:\/\/muap.sk\/wp-content\/uploads\/2026\/03\/smejko-a-tanculienka-1086x1536.jpg 1086w\" sizes=\"(max-width: 1120px) 100vw, 1120px\" \/><\/figure><div class=\"featured-image-desc\"><span><a href=\"https:\/\/muap.sk\/index.php\/portfolio\/smejko-a-tanculienka\/\"><i class=\"fa fa-plus\"><\/i><\/a><\/span><div class=\"feature-inner-block\"><h3 class=\"feature-title-wrap\"><a href=\"https:\/\/muap.sk\/index.php\/portfolio\/smejko-a-tanculienka\/\">Smejko a tanculienka<\/a><\/h3><h4 class=\"feature-desc-wrap\"><\/h4><\/div><\/div><\/div><div class=\"tg-feature-product-widget element-item uxdesign tg-column-4 podujatia \" data-category=\"podujatia \"><figure><img width=\"1120\" height=\"1584\" src=\"https:\/\/muap.sk\/wp-content\/uploads\/2026\/03\/Tyzden-a-dost-PLA-A3.jpg\" class=\"attachment-full size-full wp-post-image\" alt=\"\" loading=\"lazy\" srcset=\"https:\/\/muap.sk\/wp-content\/uploads\/2026\/03\/Tyzden-a-dost-PLA-A3.jpg 1120w, https:\/\/muap.sk\/wp-content\/uploads\/2026\/03\/Tyzden-a-dost-PLA-A3-212x300.jpg 212w, https:\/\/muap.sk\/wp-content\/uploads\/2026\/03\/Tyzden-a-dost-PLA-A3-724x1024.jpg 724w, https:\/\/muap.sk\/wp-content\/uploads\/2026\/03\/Tyzden-a-dost-PLA-A3-768x1086.jpg 768w, https:\/\/muap.sk\/wp-content\/uploads\/2026\/03\/Tyzden-a-dost-PLA-A3-1086x1536.jpg 1086w\" sizes=\"(max-width: 1120px) 100vw, 1120px\" \/><\/figure><div class=\"featured-image-desc\"><span><a href=\"https:\/\/muap.sk\/index.php\/portfolio\/tyzden-a-dost\/\"><i class=\"fa fa-plus\"><\/i><\/a><\/span><div class=\"feature-inner-block\"><h3 class=\"feature-title-wrap\"><a href=\"https:\/\/muap.sk\/index.php\/portfolio\/tyzden-a-dost\/\">T\u00fd\u017ede\u0148 a dos\u0165<\/a><\/h3><h4 class=\"feature-desc-wrap\"><\/h4><\/div><\/div><\/div><div class=\"tg-feature-product-widget element-item uxdesign tg-column-4 podujatia \" data-category=\"podujatia \"><figure><img width=\"1120\" height=\"1584\" src=\"https:\/\/muap.sk\/wp-content\/uploads\/2026\/03\/Davidkove-kridla-PLA-A3-2026.jpg\" class=\"attachment-full size-full wp-post-image\" alt=\"\" loading=\"lazy\" srcset=\"https:\/\/muap.sk\/wp-content\/uploads\/2026\/03\/Davidkove-kridla-PLA-A3-2026.jpg 1120w, https:\/\/muap.sk\/wp-content\/uploads\/2026\/03\/Davidkove-kridla-PLA-A3-2026-212x300.jpg 212w, https:\/\/muap.sk\/wp-content\/uploads\/2026\/03\/Davidkove-kridla-PLA-A3-2026-724x1024.jpg 724w, https:\/\/muap.sk\/wp-content\/uploads\/2026\/03\/Davidkove-kridla-PLA-A3-2026-768x1086.jpg 768w, https:\/\/muap.sk\/wp-content\/uploads\/2026\/03\/Davidkove-kridla-PLA-A3-2026-1086x1536.jpg 1086w\" sizes=\"(max-width: 1120px) 100vw, 1120px\" \/><\/figure><div class=\"featured-image-desc\"><span><a href=\"https:\/\/muap.sk\/index.php\/portfolio\/davidkove-kridla\/\"><i class=\"fa fa-plus\"><\/i><\/a><\/span><div class=\"feature-inner-block\"><h3 class=\"feature-title-wrap\"><a href=\"https:\/\/muap.sk\/index.php\/portfolio\/davidkove-kridla\/\">D\u00e1vidkove kr\u00eddla<\/a><\/h3><h4 class=\"feature-desc-wrap\"><\/h4><\/div><\/div><\/div><div class=\"tg-feature-product-widget element-item uxdesign tg-column-4 podujatia \" data-category=\"podujatia \"><figure><img width=\"1120\" height=\"1584\" src=\"https:\/\/muap.sk\/wp-content\/uploads\/2026\/02\/DONAHA-18.9.2026-PLA-A3.jpg\" class=\"attachment-full size-full wp-post-image\" alt=\"\" loading=\"lazy\" srcset=\"https:\/\/muap.sk\/wp-content\/uploads\/2026\/02\/DONAHA-18.9.2026-PLA-A3.jpg 1120w, https:\/\/muap.sk\/wp-content\/uploads\/2026\/02\/DONAHA-18.9.2026-PLA-A3-212x300.jpg 212w, https:\/\/muap.sk\/wp-content\/uploads\/2026\/02\/DONAHA-18.9.2026-PLA-A3-724x1024.jpg 724w, https:\/\/muap.sk\/wp-content\/uploads\/2026\/02\/DONAHA-18.9.2026-PLA-A3-768x1086.jpg 768w, https:\/\/muap.sk\/wp-content\/uploads\/2026\/02\/DONAHA-18.9.2026-PLA-A3-1086x1536.jpg 1086w\" sizes=\"(max-width: 1120px) 100vw, 1120px\" \/><\/figure><div class=\"featured-image-desc\"><span><a href=\"https:\/\/muap.sk\/index.php\/portfolio\/donaha\/\"><i class=\"fa fa-plus\"><\/i><\/a><\/span><div class=\"feature-inner-block\"><h3 class=\"feature-title-wrap\"><a href=\"https:\/\/muap.sk\/index.php\/portfolio\/donaha\/\">DONAHA<\/a><\/h3><h4 class=\"feature-desc-wrap\"><\/h4><\/div><\/div><\/div><div class=\"tg-feature-product-widget element-item uxdesign tg-column-4 podujatia \" data-category=\"podujatia \"><figure><img width=\"1120\" height=\"1584\" src=\"https:\/\/muap.sk\/wp-content\/uploads\/2026\/04\/MsK-APR-2026.jpg\" class=\"attachment-full size-full wp-post-image\" alt=\"\" loading=\"lazy\" srcset=\"https:\/\/muap.sk\/wp-content\/uploads\/2026\/04\/MsK-APR-2026.jpg 1120w, https:\/\/muap.sk\/wp-content\/uploads\/2026\/04\/MsK-APR-2026-212x300.jpg 212w, https:\/\/muap.sk\/wp-content\/uploads\/2026\/04\/MsK-APR-2026-724x1024.jpg 724w, https:\/\/muap.sk\/wp-content\/uploads\/2026\/04\/MsK-APR-2026-768x1086.jpg 768w, https:\/\/muap.sk\/wp-content\/uploads\/2026\/04\/MsK-APR-2026-1086x1536.jpg 1086w\" sizes=\"(max-width: 1120px) 100vw, 1120px\" \/><\/figure><div class=\"featured-image-desc\"><span><a href=\"https:\/\/muap.sk\/index.php\/portfolio\/mladatka-v-zoo\/\"><i class=\"fa fa-plus\"><\/i><\/a><\/span><div class=\"feature-inner-block\"><h3 class=\"feature-title-wrap\"><a href=\"https:\/\/muap.sk\/index.php\/portfolio\/mladatka-v-zoo\/\">Ml\u00e1\u010fatk\u00e1 v Zoo<\/a><\/h3><h4 class=\"feature-desc-wrap\"><\/h4><\/div><\/div><\/div><div class=\"tg-feature-product-widget element-item uxdesign tg-column-4 podujatia \" data-category=\"podujatia \"><figure><img width=\"1120\" height=\"1584\" src=\"https:\/\/muap.sk\/wp-content\/uploads\/2026\/04\/plagat-A3.jpg\" class=\"attachment-full size-full wp-post-image\" alt=\"\" loading=\"lazy\" srcset=\"https:\/\/muap.sk\/wp-content\/uploads\/2026\/04\/plagat-A3.jpg 1120w, https:\/\/muap.sk\/wp-content\/uploads\/2026\/04\/plagat-A3-212x300.jpg 212w, https:\/\/muap.sk\/wp-content\/uploads\/2026\/04\/plagat-A3-724x1024.jpg 724w, https:\/\/muap.sk\/wp-content\/uploads\/2026\/04\/plagat-A3-768x1086.jpg 768w, https:\/\/muap.sk\/wp-content\/uploads\/2026\/04\/plagat-A3-1086x1536.jpg 1086w\" sizes=\"(max-width: 1120px) 100vw, 1120px\" \/><\/figure><div class=\"featured-image-desc\"><span><a href=\"https:\/\/muap.sk\/index.php\/portfolio\/luk-2026\/\"><i class=\"fa fa-plus\"><\/i><\/a><\/span><div class=\"feature-inner-block\"><h3 class=\"feature-title-wrap\"><a href=\"https:\/\/muap.sk\/index.php\/portfolio\/luk-2026\/\">LUK 2026<\/a><\/h3><h4 class=\"feature-desc-wrap\"><\/h4><\/div><\/div><\/div><\/div><!-- \/.tg-column-wrapper--><\/div><!-- \/.grid --><\/div><!-- \/.tg-container --><\/div><!-- \/.layout div --><\/div><div id=\"panel-252-2-0-1\" class=\"so-panel widget widget_text\" data-index=\"5\" >\t\t\t<div class=\"textwidget\"><\/div>\n\t\t<\/div><div id=\"panel-252-2-0-2\" class=\"so-panel widget widget_themegrill_flash_heading tg-widget section-title-wrapper\" data-index=\"6\" ><\/div><div id=\"panel-252-2-0-3\" class=\"so-panel widget widget_block panel-last-child\" data-index=\"7\" ><\/div><\/div><\/div><\/div><\/div>","protected":false},"excerpt":{"rendered":"","protected":false},"author":1,"featured_media":0,"parent":0,"menu_order":0,"comment_status":"closed","ping_status":"closed","template":"page-templates\/pagebuilder.php","meta":[],"_links":{"self":[{"href":"https:\/\/muap.sk\/index.php\/wp-json\/wp\/v2\/pages\/252"}],"collection":[{"href":"https:\/\/muap.sk\/index.php\/wp-json\/wp\/v2\/pages"}],"about":[{"href":"https:\/\/muap.sk\/index.php\/wp-json\/wp\/v2\/types\/page"}],"author":[{"embeddable":true,"href":"https:\/\/muap.sk\/index.php\/wp-json\/wp\/v2\/users\/1"}],"replies":[{"embeddable":true,"href":"https:\/\/muap.sk\/index.php\/wp-json\/wp\/v2\/comments?post=252"}],"version-history":[{"count":638,"href":"https:\/\/muap.sk\/index.php\/wp-json\/wp\/v2\/pages\/252\/revisions"}],"predecessor-version":[{"id":4679,"href":"https:\/\/muap.sk\/index.php\/wp-json\/wp\/v2\/pages\/252\/revisions\/4679"}],"wp:attachment":[{"href":"https:\/\/muap.sk\/index.php\/wp-json\/wp\/v2\/media?parent=252"}],"curies":[{"name":"wp","href":"https:\/\/api.w.org\/{rel}","templated":true}]}}