{"id":2712,"date":"2022-09-21T10:25:11","date_gmt":"2022-09-21T08:25:11","guid":{"rendered":"https:\/\/muap.sk\/?page_id=2712"},"modified":"2022-11-08T14:44:53","modified_gmt":"2022-11-08T13:44:53","slug":"kalendar","status":"publish","type":"page","link":"https:\/\/muap.sk\/index.php\/kalendar\/","title":{"rendered":"Kalend\u00e1r"},"content":{"rendered":"<p><!--noptimize-->\n        <script type=\"text\/javascript\">\n         var cp_hourbk_cancel_label = 'Zru\u0161i\u0165';\n         var cp_hourbk_quantity_label = 'Mno\u017estvo';\n         var cp_hourbk_cost_label = 'Cena';\n         var cp_hourbk_overlapping_label = 'Vybran\u00fd \u010das u\u017e nie je k dispoz\u00edcii. Vyberte in\u00fd \u010das.';\n         var cp_hourbk_nomore_label = '\u017diadne \u010dasov\u00e9 bloky dostupn\u00e9.';\n         var cp_hourbk_avoid_overlapping = 0;\n         var apphboverbooking_handler0 = false;\n         function cp_appbooking_pform_doValidate_1(form)\n         {\n            try { if (document.cp_appbooking_pform_1.cp_appbooking_pform_status.value == '1') return false; } catch (e) {}\n            $dexQuery = jQuery.noConflict();\n            try { document.cp_appbooking_pform_1.cp_ref_page.value = document.location; } catch (e) {}\n            $dexQuery = jQuery.noConflict();            var result = '';\n            try {\n            if (!apphboverbooking_handler0) {\n            if (document.cp_appbooking_pform_1.hdcaptcha_cp_appbooking_post.value == '') { setTimeout( \"cp_appbooking_cerror_1()\", 100); return false; }\n            var result = $dexQuery.ajax({ type: \"GET\", url: \"https:\/\/muap.sk\/?ps=_1&cp_appbooking_pform_process=2&cp_appbooking_id=2&inAdmin=1&ps=_1&hdcaptcha_cp_appbooking_post=\"+document.cp_appbooking_pform_1.hdcaptcha_cp_appbooking_post.value, async: false }).responseText;\n            }\n            } catch (e) {result='';console.log('AHB: Captcha not detected.');}\n            if (!apphboverbooking_handler0 && result.indexOf(\"captchafailed\") != -1) {\n                $dexQuery(\"#captchaimg_1\").attr('src', $dexQuery(\"#captchaimg_1\").attr('src')+'&'+Math.floor((Math.random() * 99999) + 1));\n                setTimeout( \"cp_appbooking_cerror_1()\", 100);\n                return false;\n            } else             {\n                var cpefb_error = 0;\n                $dexQuery(\"#cp_appbooking_pform_1\").find(\".cpefb_error\").each(function(index){\n                if ($dexQuery(this).css(\"display\")!=\"none\")\n                    cpefb_error++;\n                });\n                if (cpefb_error==0)\n                {\n                    if (!apphboverbooking_handler0)\n                    {\n                        try { document.cp_appbooking_pform_1.cp_appbooking_pform_status.value = '1';\t } catch (e) {}\n                        apphbblink_1(\".pbSubmit:visible\");\n                        $dexQuery(\"#cp_appbooking_pform_1\").find(\".avoid_overlapping_before\").not(\".ignore,.ignorepb\").removeClass(\"avoid_overlapping_before\").removeClass(\"valid\").addClass(\"avoid_overlapping\");\n                        cp_hourbk_avoid_overlapping = 1;\n                        try {\n                            $dexQuery(\"#cp_appbooking_pform_1\").find(\".avoid_overlapping\").valid();\n                        } catch (e) { cp_hourbk_avoid_overlapping = 0; }\n                        function check_cp_hourbk_avoid_overlapping(){\n\t\t                    if (cp_hourbk_avoid_overlapping>0)\n\t\t                        setTimeout(check_cp_hourbk_avoid_overlapping,100);\n\t\t                    else\n\t\t                    {\n                                var cpefb_error = 0;\n                                $dexQuery(\"#cp_appbooking_pform_1\").find(\".cpefb_error\").each(function(index){\n                                    if ($dexQuery(this).css(\"display\")!=\"none\")\n                                        cpefb_error++;\n                                    });\n                                try { document.cp_appbooking_pform_1.cp_appbooking_pform_status.value = '0';\t } catch (e) {}\n                                if (cpefb_error==0)\n                                {\n                                    apphboverbooking_handler0 = true;\n                                    if (cp_appbooking_pform_doValidate_1(form))\n                                    {\n                                        $dexQuery( \".pbSubmit\" ).unbind();\n                                        if ($dexQuery( \".pbSubmit\" ).hasClass(\"nofirst\"))\n                                            return false;\n                                        $dexQuery( \".pbSubmit\" ).addClass(\"nofirst\");\n                                        document.getElementById(\"cp_appbooking_pform_1\").submit();\n                                    }\n                                }\n\t\t                    }\n\t\t                }\n\t\t                check_cp_hourbk_avoid_overlapping();\n                        return false;\n                    }\n                    \t        \t\t$dexQuery(\"#cp_appbooking_pform_1\").find( '.ignore' ).closest( '.fields' ).remove();\n\t        \t}\n\t        \tdocument.getElementById(\"form_structure_1\").value = '';\n\t        \tdocument.getElementById(\"refpage_1\").value = document.location;\n                try {\n                    if (cpefb_error==0)\n                    {\n                        document.cp_appbooking_pform_1.cp_appbooking_pform_status.value = '1';\n                        apphbblink_1(\".pbSubmit\");\n                    }\n                } catch (e) {}\n                return true;\n            }\n         }\n         function apphbblink_1(selector){\n             try {\n                 $dexQuery = jQuery.noConflict();\n                 $dexQuery(selector).fadeOut(1000, function(){\n                     $dexQuery(this).fadeIn(1000, function(){\n                             try {\n                                 if (document.cp_appbooking_pform_1.cp_appbooking_pform_status.value != '0')\n                                     apphbblink_1(this);\n                             } catch (e) { console.log(e)}\n                     });\n                 });\n             } catch (e) {}\n         }\n         function cp_appbooking_cerror_1(){$dexQuery = jQuery.noConflict();$dexQuery(\"#hdcaptcha_error_1\").css('top',$dexQuery(\"#hdcaptcha_cp_appbooking_post_1\").outerHeight());$dexQuery(\"#hdcaptcha_error_1\").css(\"display\",\"inline\");}\n        <\/script><!--\/noptimize-->\n        <link rel='stylesheet' media=\"all\" href=\"https:\/\/muap.sk\/wp-content\/plugins\/appointment-hour-booking\/templates\/08\/style.css\" type=\"text\/css\" \/><form class=\"cpp_form\" name=\"cp_appbooking_pform_1\" id=\"cp_appbooking_pform_1\" action=\"\" method=\"post\" enctype=\"multipart\/form-data\" onsubmit=\"return cp_appbooking_pform_doValidate_1(this);\"><input type=\"hidden\" name=\"cp_pform_psequence\" value=\"_1\" \/><input type=\"hidden\" name=\"cp_appbooking_pform_process\" value=\"1\" \/><input type=\"hidden\" name=\"cp_appbooking_id\" value=\"2\" \/><input type=\"hidden\" name=\"cp_ref_page\" value=\"\" \/><input type=\"hidden\" name=\"form_structure_1\" id=\"form_structure_1\" size=\"180\" value=\"[[{&quot;form_identifier&quot;:&quot;&quot;,&quot;name&quot;:&quot;fieldname1&quot;,&quot;shortlabel&quot;:&quot;&quot;,&quot;index&quot;:0,&quot;ftype&quot;:&quot;fapp&quot;,&quot;userhelp&quot;:&quot;&quot;,&quot;userhelpTooltip&quot;:&quot;&quot;,&quot;csslayout&quot;:&quot;&quot;,&quot;title&quot;:&quot;Rezerv\\u00e1cia Vodn\\u00e9ho hradu&quot;,&quot;services&quot;:[{&quot;name&quot;:&quot;Svadba&quot;,&quot;price&quot;:50,&quot;capacity&quot;:1,&quot;duration&quot;:60,&quot;pb&quot;:0,&quot;pa&quot;:0,&quot;ohindex&quot;:0,&quot;idx&quot;:1},{&quot;name&quot;:&quot;V\\u00edtanie do \\u017eivota&quot;,&quot;price&quot;:50,&quot;capacity&quot;:1,&quot;duration&quot;:60,&quot;pb&quot;:0,&quot;pa&quot;:0,&quot;ohindex&quot;:0,&quot;idx&quot;:2}],&quot;openhours&quot;:[],&quot;allOH&quot;:[{&quot;name&quot;:&quot;Default&quot;,&quot;openhours&quot;:[{&quot;type&quot;:&quot;all&quot;,&quot;d&quot;:&quot;&quot;,&quot;h1&quot;:&quot;10&quot;,&quot;m1&quot;:&quot;0&quot;,&quot;h2&quot;:&quot;17&quot;,&quot;m2&quot;:&quot;0&quot;}]}],&quot;dateFormat&quot;:&quot;mm\\\/dd\\\/yy&quot;,&quot;showDropdown&quot;:true,&quot;showTotalCost&quot;:false,&quot;showTotalCostFormat&quot;:&quot;$ {0}&quot;,&quot;showEndTime&quot;:false,&quot;showQuantity&quot;:false,&quot;usedSlotsCheckbox&quot;:false,&quot;avoidOverlaping&quot;:true,&quot;emptySelectCheckbox&quot;:false,&quot;emptySelect&quot;:&quot;&quot;,&quot;dropdownRange&quot;:&quot;-10:+10&quot;,&quot;working_dates&quot;:[true,true,true,true,true,true,true],&quot;numberOfMonths&quot;:1,&quot;maxNumberOfApp&quot;:0,&quot;firstDay&quot;:0,&quot;minDate&quot;:&quot;01\\\/01\\\/2025&quot;,&quot;maxDate&quot;:&quot;12\\\/31\\\/2026&quot;,&quot;defaultDate&quot;:&quot;&quot;,&quot;invalidDates&quot;:&quot;12\\\/01\\\/2025-12\\\/31\\\/2025, 01\\\/01\\\/2026-01\\\/28\\\/2026, 04\\\/02\\\/2026-04\\\/06\\\/2026, 04\\\/30\\\/2026-05\\\/01\\\/2026, 09\\\/04\\\/2026-09\\\/06\\\/2026, 12\\\/19\\\/2026-12\\\/31\\\/2026 &quot;,&quot;tmpinvalidDates&quot;:[{},{},{},{},{},{},{},{},{},{},{},{},{},{},{},{},{},{},{},{},{},{},{},{},{},{},{},{},{},{},{},{},{},{},{},{},{},{},{},{},{},{},{},{},{},{},{},{},{},{},{},{},{},{},{},{},{},{},{},{},{},{},{},{},{},{},{},{},{},{},{},{},{},{},{},{},{},{},{},{},{},{}],&quot;required&quot;:true,&quot;bSlotsCheckbox&quot;:true,&quot;bSlots&quot;:30,&quot;militaryTime&quot;:1,&quot;autonum&quot;:2,&quot;autonumStaff&quot;:0,&quot;fBuild&quot;:{},&quot;special_days&quot;:[],&quot;minDateTmp&quot;:&quot;01\\\/01\\\/2025&quot;,&quot;getMinDate&quot;:{},&quot;tmpinvalidDatestime&quot;:[1764543600000,1764630000000,1764716400000,1764802800000,1764889200000,1764975600000,1765062000000,1765148400000,1765234800000,1765321200000,1765407600000,1765494000000,1765580400000,1765666800000,1765753200000,1765839600000,1765926000000,1766012400000,1766098800000,1766185200000,1766271600000,1766358000000,1766444400000,1766530800000,1766617200000,1766703600000,1766790000000,1766876400000,1766962800000,1767049200000,1767135600000,1767222000000,1767308400000,1767394800000,1767481200000,1767567600000,1767654000000,1767740400000,1767826800000,1767913200000,1767999600000,1768086000000,1768172400000,1768258800000,1768345200000,1768431600000,1768518000000,1768604400000,1768690800000,1768777200000,1768863600000,1768950000000,1769036400000,1769122800000,1769209200000,1769295600000,1769382000000,1769468400000,1769554800000,1775080800000,1775167200000,1775253600000,1775340000000,1775426400000,1777500000000,1777586400000,1788472800000,1788559200000,1788645600000,1797634800000,1797721200000,1797807600000,1797894000000,1797980400000,1798066800000,1798153200000,1798239600000,1798326000000,1798412400000,1798498800000,1798585200000,1798671600000]},{&quot;form_identifier&quot;:&quot;&quot;,&quot;name&quot;:&quot;fieldname3&quot;,&quot;shortlabel&quot;:&quot;&quot;,&quot;index&quot;:1,&quot;ftype&quot;:&quot;ftext&quot;,&quot;userhelp&quot;:&quot;&quot;,&quot;userhelpTooltip&quot;:&quot;&quot;,&quot;csslayout&quot;:&quot;&quot;,&quot;title&quot;:&quot;Meno a priezvisko&quot;,&quot;predefined&quot;:&quot;&quot;,&quot;predefinedClick&quot;:false,&quot;required&quot;:true,&quot;size&quot;:&quot;medium&quot;,&quot;minlength&quot;:&quot;&quot;,&quot;maxlength&quot;:&quot;&quot;,&quot;equalTo&quot;:&quot;&quot;,&quot;fBuild&quot;:{}},{&quot;form_identifier&quot;:&quot;&quot;,&quot;name&quot;:&quot;fieldname6&quot;,&quot;shortlabel&quot;:&quot;&quot;,&quot;index&quot;:2,&quot;ftype&quot;:&quot;ftext&quot;,&quot;userhelp&quot;:&quot;&quot;,&quot;userhelpTooltip&quot;:&quot;&quot;,&quot;csslayout&quot;:&quot;&quot;,&quot;title&quot;:&quot;Telef\\u00f3n&quot;,&quot;predefined&quot;:&quot;&quot;,&quot;predefinedClick&quot;:false,&quot;required&quot;:true,&quot;size&quot;:&quot;medium&quot;,&quot;minlength&quot;:&quot;&quot;,&quot;maxlength&quot;:&quot;&quot;,&quot;equalTo&quot;:&quot;&quot;,&quot;fBuild&quot;:{}},{&quot;form_identifier&quot;:&quot;&quot;,&quot;name&quot;:&quot;email&quot;,&quot;shortlabel&quot;:&quot;&quot;,&quot;index&quot;:3,&quot;ftype&quot;:&quot;femail&quot;,&quot;userhelp&quot;:&quot;&quot;,&quot;userhelpTooltip&quot;:&quot;&quot;,&quot;csslayout&quot;:&quot;&quot;,&quot;title&quot;:&quot;E-mail&quot;,&quot;predefined&quot;:&quot;&quot;,&quot;predefinedClick&quot;:false,&quot;required&quot;:true,&quot;size&quot;:&quot;medium&quot;,&quot;equalTo&quot;:&quot;&quot;,&quot;fBuild&quot;:{}},{&quot;form_identifier&quot;:&quot;&quot;,&quot;name&quot;:&quot;fieldname7&quot;,&quot;shortlabel&quot;:&quot;&quot;,&quot;index&quot;:4,&quot;ftype&quot;:&quot;ftext&quot;,&quot;userhelp&quot;:&quot;&quot;,&quot;userhelpTooltip&quot;:&quot;&quot;,&quot;csslayout&quot;:&quot;wedding_place&quot;,&quot;title&quot;:&quot;Obrad chcem:&quot;,&quot;predefined&quot;:&quot;Interi\\u00e9r&quot;,&quot;predefinedClick&quot;:true,&quot;required&quot;:true,&quot;size&quot;:&quot;medium&quot;,&quot;minlength&quot;:&quot;&quot;,&quot;maxlength&quot;:&quot;&quot;,&quot;equalTo&quot;:&quot;&quot;,&quot;fBuild&quot;:{}},{&quot;form_identifier&quot;:&quot;&quot;,&quot;name&quot;:&quot;fieldname4&quot;,&quot;shortlabel&quot;:&quot;50\\u20ac za ka\\u017ed\\u00fa za\\u010dat\\u00fa hodinu&quot;,&quot;index&quot;:5,&quot;ftype&quot;:&quot;ftext&quot;,&quot;userhelp&quot;:&quot;50\\u20ac za ka\\u017ed\\u00fa za\\u010dat\\u00fa hodinu&quot;,&quot;userhelpTooltip&quot;:&quot;&quot;,&quot;csslayout&quot;:&quot;price&quot;,&quot;title&quot;:&quot;Cena&quot;,&quot;predefined&quot;:&quot;50\\u20ac&quot;,&quot;predefinedClick&quot;:false,&quot;required&quot;:true,&quot;size&quot;:&quot;medium&quot;,&quot;minlength&quot;:&quot;&quot;,&quot;maxlength&quot;:&quot;&quot;,&quot;equalTo&quot;:&quot;&quot;,&quot;fBuild&quot;:{}}],[{&quot;title&quot;:&quot;Vodn\\u00fd hrad - rezerva\\u010dn\\u00fd syst\\u00e9m&quot;,&quot;description&quot;:&quot;Rezerva\\u010dn\\u00fd syst\\u00e9m pre obrady vo VH \\u0160imonovany - Svadby\\\/V\\u00edtanie do \\u017eivota\\n&lt;BR&gt;\\nKrok \\u010d. 1: KOMUNIK\\u00c1CIA S MATRIKOU NA MESTSKOM \\u00daRADE PARTIZ\\u00c1NSKE, KDE SI TREBA NAHL\\u00c1SI\\u0164 TERM\\u00cdN A VYRIE\\u0160I\\u0164 POTREBN\\u00c9 Z\\u00c1KONN\\u00c9 POVINNOSTI\\n&lt;BR&gt;\\nKrok \\u010d. 2: Po vyplnen\\u00ed rezerva\\u010dn\\u00e9ho formul\\u00e1ra kontaktova\\u0165 telefonicky aj spr\\u00e1vcu VH na tel. \\u010d\\u00edsle 0908199703, s ktor\\u00fdm si dohodnete v\\u0161etky podrobnosti t\\u00fdkaj\\u00face sa obradu.\\n&lt;BR&gt;\\nInteri\\u00e9r VH: kapacita 40 \\u013eud\\u00ed v obradnej sieni\\n&lt;BR&gt;\\nExteri\\u00e9r VH \\\/ n\\u00e1dvorie: kapacita max. 100 \\u013eud\\u00ed v exteri\\u00e9ri \\\/ na n\\u00e1dvor\\u00ed VH\\n&lt;BR&gt;\\nPri rezervovan\\u00ed si term\\u00ednu obradu vo VH treba r\\u00e1ta\\u0165 v pr\\u00edpade vyu\\u017eitia slu\\u017eieb catheringu (v\\u00fdzdoba, pr\\u00edpadn\\u00e9 drobn\\u00e9 ob\\u010derstvenie), aj s pr\\u00edpravou priestoru a vr\\u00e1ten\\u00edm priestoru do p\\u00f4vodn\\u00e9ho stavu. Zv\\u00e1\\u017ete preto potrebn\\u00fd \\u010das na v\\u0161etky potrebn\\u00e9 \\u00fakony a rezervujte si dostatok hod\\u00edn. Platba za ka\\u017ed\\u00fa za\\u010dat\\u00fa hodinu je 50 \\u20ac.   \\n&lt;BR&gt;\\nPri blokovan\\u00ed term\\u00ednu treba uhradi\\u0165 sumu do 10 pracovn\\u00fdch dn\\u00ed od rezerv\\u00e1cie, in\\u00e1\\u010d bude blokovan\\u00fd term\\u00edn zru\\u0161en\\u00fd.\\n&lt;BR&gt;\\nV pr\\u00edpade zru\\u0161enia rezervovan\\u00e9ho term\\u00ednu V\\u00e1m bude vr\\u00e1ten\\u00e1 polovica zaplatenej sumy \\\/ druh\\u00e1 polovica sl\\u00fa\\u017ei ako z\\u00e1loha za prenajat\\u00fd priestor a je nevratn\\u00e1.\\n&lt;BR&gt;\\n&lt;BR&gt;\\n&lt;strong&gt;\\nPLATOBN\\u00c9 \\u00daDAJE:&lt;BR&gt;\\nIBAN: SK78 0200 0000 0028 1944 5357&lt;strong&gt;&quot;,&quot;formlayout&quot;:&quot;left_aligned&quot;,&quot;formtemplate&quot;:&quot;ahb_m2&quot;,&quot;evalequations&quot;:1,&quot;autocomplete&quot;:1,&quot;autofocus&quot;:true}]]\" \/><input type=\"hidden\" name=\"refpage_1\" id=\"refpage_1\" value=\"\"><input type=\"hidden\" name=\"cp_appbooking_pform_status\" value=\"0\" \/><input name=\"anonce\" type=\"hidden\" value=\"418a4405da\"\/>\r\n<div id=\"fbuilder\">\r\n    <div id=\"fbuilder_1\">\r\n        <div id=\"formheader_1\"><\/div>\r\n        <div id=\"fieldlist_1\"><\/div>\r\n    <\/div>\r\n<\/div>\r\n<div style=\"display:none\">\r\n<div id=\"cpcaptchalayer_1\" class=\"cpcaptchalayer\">\r\n <div class=\"fields\" id=\"field-c0\" style=\"display:none\">\r\n    <label><\/label>\r\n    <div class=\"dfield\"><!--addons-payment-options--><\/div>\r\n    <div class=\"clearer\"><\/div>\r\n <\/div>\r\n  Bezpe\u010dnostn\u00fd k\u00f3d Captcha:<br \/>\r\n  <img src=\"https:\/\/muap.sk\/?cp_appbooking_captcha=captcha&amp;ps=_1&amp;inAdmin=1&amp;width=180&amp;height=60&amp;letter_count=4&amp;min_size=25&amp;max_size=35&amp;noise=200&amp;noiselength=4&amp;bcolor=ffffff&amp;border=000000&amp;font=font4\"  id=\"captchaimg_1\" alt=\"security code\" border=\"0\" class=\"skip-lazy\" \/>\r\n  <br \/>Pros\u00edm, zadajte bezpe\u010dnostn\u00fd k\u00f3d  - KLIK v obr\u00e1zku pre nov\u00fd k\u00f3d:<br \/>\r\n  <div class=\"dfield\"><input type=\"text\" size=\"20\" name=\"hdcaptcha_cp_appbooking_post\" id=\"hdcaptcha_cp_appbooking_post_1\" value=\"\" autocomplete=\"off\" \/>\r\n  <div class=\"cpefb_error message\" id=\"hdcaptcha_error_1\" generated=\"true\" style=\"display:none;position: absolute; left: 0px; top: 25px;\">Zadajte platn\u00fd k\u00f3d captcha.<\/div>\r\n  <\/div><br \/>\r\n<!-- rcadon -->\r\n<\/div>\r\n<\/div>\r\n<div id=\"cp_subbtn_1\" class=\"cp_subbtn\">Odosla\u0165<\/div>\r\n<div style=\"clear:both;\"><\/div>\r\n<\/form>\r\n<br \/>\n&nbsp;<br \/>\n&nbsp;<\/p>\n","protected":false},"excerpt":{"rendered":"<p>&nbsp; &nbsp;<\/p>\n","protected":false},"author":1,"featured_media":0,"parent":0,"menu_order":0,"comment_status":"closed","ping_status":"closed","template":"page-templates\/full-width.php","meta":[],"_links":{"self":[{"href":"https:\/\/muap.sk\/index.php\/wp-json\/wp\/v2\/pages\/2712"}],"collection":[{"href":"https:\/\/muap.sk\/index.php\/wp-json\/wp\/v2\/pages"}],"about":[{"href":"https:\/\/muap.sk\/index.php\/wp-json\/wp\/v2\/types\/page"}],"author":[{"embeddable":true,"href":"https:\/\/muap.sk\/index.php\/wp-json\/wp\/v2\/users\/1"}],"replies":[{"embeddable":true,"href":"https:\/\/muap.sk\/index.php\/wp-json\/wp\/v2\/comments?post=2712"}],"version-history":[{"count":7,"href":"https:\/\/muap.sk\/index.php\/wp-json\/wp\/v2\/pages\/2712\/revisions"}],"predecessor-version":[{"id":2807,"href":"https:\/\/muap.sk\/index.php\/wp-json\/wp\/v2\/pages\/2712\/revisions\/2807"}],"wp:attachment":[{"href":"https:\/\/muap.sk\/index.php\/wp-json\/wp\/v2\/media?parent=2712"}],"curies":[{"name":"wp","href":"https:\/\/api.w.org\/{rel}","templated":true}]}}