{"id":3091,"date":"2023-03-09T14:04:58","date_gmt":"2023-03-09T13:04:58","guid":{"rendered":"https:\/\/muap.sk\/?page_id=3091"},"modified":"2023-08-16T10:08:52","modified_gmt":"2023-08-16T08:08:52","slug":"zakazka-2023","status":"publish","type":"page","link":"https:\/\/muap.sk\/index.php\/verejne-informacie\/profil-verejneho-obstaravatela\/zakazka-2023\/","title":{"rendered":"Z\u00e1kazka 2023"},"content":{"rendered":"<h3><\/h3>\n<h3 style=\"text-align: center;\">Z\u00e1kazky pod\u013ea \u00a7 117<\/h3>\n<p>&nbsp;<\/p>\n<p style=\"text-align: center;\"><strong><a href=\"https:\/\/muap.sk\/wp-content\/uploads\/2023\/08\/zapis_z_prieskumu-trhu_plyn.pdf\" target=\"_blank\" rel=\"noopener\">Z\u00e1pis z Prieskumu trhu 03\/2023<\/a><\/strong>: Dod\u00e1vka zemn\u00e9ho plynu na obdobie dvoch rokov<\/p>\n<p style=\"text-align: center;\"><strong><a href=\"https:\/\/muap.sk\/wp-content\/uploads\/2023\/06\/vyzva02_2023.pdf\" target=\"_blank\" rel=\"noopener\">Zverejnenie Prieskum trhu 02\/2023<\/a><\/strong>: Dod\u00e1vka zemn\u00e9ho plynu na obdobie dvoch rokov<\/p>\n<p style=\"text-align: center;\"><strong><a href=\"https:\/\/muap.sk\/wp-content\/uploads\/2023\/06\/zrusenie_obstaravania_plyn_MUA.pdf\" target=\"_blank\" rel=\"noopener\">Rozhodnutie verejn\u00e9ho obstar\u00e1vate\u013ea o zru\u0161en\u00ed verejn\u00e9ho obstar\u00e1vania<\/a><\/strong><\/p>\n<p style=\"text-align: center;\"><strong><br \/>\n<a href=\"https:\/\/muap.sk\/wp-content\/uploads\/2023\/03\/zapis_z_prieskumu trhu_01_2023.pdf\" target=\"_blank\" rel=\"noopener\">Z\u00e1pis z Prieskumu trhu \u010d. 1\/2023<\/a><\/strong>: Estetick\u00e9 prostredie pre pou\u017e\u00edvate\u013eov kni\u017enice \u2013 zhotovenie reg\u00e1lov na knihy pre MsK Partiz\u00e1nske<\/p>\n<p>&nbsp;<\/p>\n<hr \/>\n","protected":false},"excerpt":{"rendered":"<p>Z\u00e1kazky pod\u013ea \u00a7 117 &nbsp; Z\u00e1pis z Prieskumu trhu 03\/2023: Dod\u00e1vka zemn\u00e9ho plynu na obdobie dvoch rokov Zverejnenie Prieskum trhu [&hellip;]<\/p>\n","protected":false},"author":1,"featured_media":0,"parent":436,"menu_order":0,"comment_status":"closed","ping_status":"closed","template":"page-templates\/full-width.php","meta":[],"_links":{"self":[{"href":"https:\/\/muap.sk\/index.php\/wp-json\/wp\/v2\/pages\/3091"}],"collection":[{"href":"https:\/\/muap.sk\/index.php\/wp-json\/wp\/v2\/pages"}],"about":[{"href":"https:\/\/muap.sk\/index.php\/wp-json\/wp\/v2\/types\/page"}],"author":[{"embeddable":true,"href":"https:\/\/muap.sk\/index.php\/wp-json\/wp\/v2\/users\/1"}],"replies":[{"embeddable":true,"href":"https:\/\/muap.sk\/index.php\/wp-json\/wp\/v2\/comments?post=3091"}],"version-history":[{"count":14,"href":"https:\/\/muap.sk\/index.php\/wp-json\/wp\/v2\/pages\/3091\/revisions"}],"predecessor-version":[{"id":3358,"href":"https:\/\/muap.sk\/index.php\/wp-json\/wp\/v2\/pages\/3091\/revisions\/3358"}],"up":[{"embeddable":true,"href":"https:\/\/muap.sk\/index.php\/wp-json\/wp\/v2\/pages\/436"}],"wp:attachment":[{"href":"https:\/\/muap.sk\/index.php\/wp-json\/wp\/v2\/media?parent=3091"}],"curies":[{"name":"wp","href":"https:\/\/api.w.org\/{rel}","templated":true}]}}