{"id":356,"date":"2019-05-10T13:26:16","date_gmt":"2019-05-10T11:26:16","guid":{"rendered":"http:\/\/muap.sk\/?page_id=356"},"modified":"2019-06-06T14:46:46","modified_gmt":"2019-06-06T12:46:46","slug":"verejne-informacie","status":"publish","type":"page","link":"https:\/\/muap.sk\/index.php\/verejne-informacie\/","title":{"rendered":"Verejn\u00e9 inform\u00e1cie"},"content":{"rendered":"<h4 style=\"text-align: center;\"><a href=\"https:\/\/muap.sk\/index.php\/verejne-informacie\/zmluvy\/\" target=\"_blank\" rel=\"noopener\">Zmluvy<\/a><\/h4>\n<h4 style=\"text-align: center;\"><a href=\"https:\/\/muap.sk\/index.php\/verejne-informacie\/faktury\/\" target=\"_blank\" rel=\"noopener\">Fakt\u00fary<\/a><\/h4>\n<h4 style=\"text-align: center;\"><a href=\"https:\/\/muap.sk\/index.php\/verejne-informacie\/profil-verejneho-obstaravatela\/\" target=\"_blank\" rel=\"noopener\">Profil verejn\u00e9ho obstar\u00e1vate\u013ea<\/a><\/h4>\n<h4 style=\"text-align: center;\"><a href=\"https:\/\/www.muap.sk\/wp-content\/uploads\/2019\/05\/gdpr.pdf\" target=\"_blank\" rel=\"noopener\">Ochrana osobn\u00fdch \u00fadajov<\/a><\/h4>\n<h4 style=\"text-align: center;\"><a href=\"https:\/\/muap.sk\/index.php\/verejne-informacie\/zodpovedna-osoba-pre-ucely-ochrany-osobnych-udajov\/\" target=\"_blank\" rel=\"noopener\">Zodpovedn\u00e1 osoba pre \u00fa\u010dely ochrany osobn\u00fdch \u00fadajov<\/a><\/h4>\n<p>&nbsp;<\/p>\n","protected":false},"excerpt":{"rendered":"<p>Zmluvy Fakt\u00fary Profil verejn\u00e9ho obstar\u00e1vate\u013ea Ochrana osobn\u00fdch \u00fadajov Zodpovedn\u00e1 osoba pre \u00fa\u010dely ochrany osobn\u00fdch \u00fadajov &nbsp;<\/p>\n","protected":false},"author":1,"featured_media":0,"parent":0,"menu_order":0,"comment_status":"closed","ping_status":"closed","template":"page-templates\/full-width.php","meta":[],"_links":{"self":[{"href":"https:\/\/muap.sk\/index.php\/wp-json\/wp\/v2\/pages\/356"}],"collection":[{"href":"https:\/\/muap.sk\/index.php\/wp-json\/wp\/v2\/pages"}],"about":[{"href":"https:\/\/muap.sk\/index.php\/wp-json\/wp\/v2\/types\/page"}],"author":[{"embeddable":true,"href":"https:\/\/muap.sk\/index.php\/wp-json\/wp\/v2\/users\/1"}],"replies":[{"embeddable":true,"href":"https:\/\/muap.sk\/index.php\/wp-json\/wp\/v2\/comments?post=356"}],"version-history":[{"count":4,"href":"https:\/\/muap.sk\/index.php\/wp-json\/wp\/v2\/pages\/356\/revisions"}],"predecessor-version":[{"id":888,"href":"https:\/\/muap.sk\/index.php\/wp-json\/wp\/v2\/pages\/356\/revisions\/888"}],"wp:attachment":[{"href":"https:\/\/muap.sk\/index.php\/wp-json\/wp\/v2\/media?parent=356"}],"curies":[{"name":"wp","href":"https:\/\/api.w.org\/{rel}","templated":true}]}}