{"id":360,"date":"2019-05-10T13:26:44","date_gmt":"2019-05-10T11:26:44","guid":{"rendered":"http:\/\/muap.sk\/?page_id=360"},"modified":"2026-02-27T16:54:05","modified_gmt":"2026-02-27T15:54:05","slug":"vodny-hrad","status":"publish","type":"page","link":"https:\/\/muap.sk\/index.php\/vodny-hrad\/","title":{"rendered":"Vodn\u00fd hrad"},"content":{"rendered":"<p><img loading=\"lazy\" class=\"alignright wp-image-569 size-full\" src=\"https:\/\/muap.sk\/wp-content\/uploads\/2019\/05\/vh-1.jpg\" alt=\"\" width=\"600\" height=\"364\" srcset=\"https:\/\/muap.sk\/wp-content\/uploads\/2019\/05\/vh-1.jpg 600w, https:\/\/muap.sk\/wp-content\/uploads\/2019\/05\/vh-1-300x182.jpg 300w\" sizes=\"(max-width: 600px) 100vw, 600px\" \/><\/p>\n<p><strong>vlastn\u00edk:<\/strong> Mesto Partiz\u00e1nske<br \/>\n<strong>spr\u00e1vca objektu:<\/strong> Mestsk\u00e1 Umeleck\u00e1 Agent\u00fara \u00a0Partiz\u00e1nske<br \/>\n<strong>adresa:<\/strong> \u0160imonovianska cesta \u00a0Partiz\u00e1nske<br \/>\n<strong>tel. kontakt:<\/strong>\u00a0 +421 908 199 703<br \/>\n<strong>mail:<\/strong> <a href=\"mailto:vodnyhrad@muap.sk\">vodnyhrad@muap.sk<\/a><\/p>\n<p><!--<strong>Oznamujeme, \u017ee od 22.12.2020 do 11.1.2021 je Vodn\u00fd hrad DO\u010cASNE ZATVOREN\u00dd<\/strong>--><\/p>\n<p><strong>OTV\u00c1RACIE HODINY<\/strong><br \/>\nUT-ST:\u00a0 14:00-17:00 hod.<\/p>\n<p><strong>Are\u00e1l Vodn\u00e9ho hradu:<br \/>\n<\/strong>PO &#8211; NE 9:00 &#8211; 20:00 hod.<\/p>\n","protected":false},"excerpt":{"rendered":"<p>vlastn\u00edk: Mesto Partiz\u00e1nske spr\u00e1vca objektu: Mestsk\u00e1 Umeleck\u00e1 Agent\u00fara \u00a0Partiz\u00e1nske adresa: \u0160imonovianska cesta \u00a0Partiz\u00e1nske tel. kontakt:\u00a0 +421 908 199 703 mail: [&hellip;]<\/p>\n","protected":false},"author":1,"featured_media":0,"parent":0,"menu_order":0,"comment_status":"closed","ping_status":"closed","template":"page-templates\/full-width.php","meta":[],"_links":{"self":[{"href":"https:\/\/muap.sk\/index.php\/wp-json\/wp\/v2\/pages\/360"}],"collection":[{"href":"https:\/\/muap.sk\/index.php\/wp-json\/wp\/v2\/pages"}],"about":[{"href":"https:\/\/muap.sk\/index.php\/wp-json\/wp\/v2\/types\/page"}],"author":[{"embeddable":true,"href":"https:\/\/muap.sk\/index.php\/wp-json\/wp\/v2\/users\/1"}],"replies":[{"embeddable":true,"href":"https:\/\/muap.sk\/index.php\/wp-json\/wp\/v2\/comments?post=360"}],"version-history":[{"count":117,"href":"https:\/\/muap.sk\/index.php\/wp-json\/wp\/v2\/pages\/360\/revisions"}],"predecessor-version":[{"id":4587,"href":"https:\/\/muap.sk\/index.php\/wp-json\/wp\/v2\/pages\/360\/revisions\/4587"}],"wp:attachment":[{"href":"https:\/\/muap.sk\/index.php\/wp-json\/wp\/v2\/media?parent=360"}],"curies":[{"name":"wp","href":"https:\/\/api.w.org\/{rel}","templated":true}]}}