{"id":362,"date":"2019-05-10T13:27:02","date_gmt":"2019-05-10T11:27:02","guid":{"rendered":"http:\/\/muap.sk\/?page_id=362"},"modified":"2023-01-18T18:49:09","modified_gmt":"2023-01-18T17:49:09","slug":"mestska-kniznica","status":"publish","type":"page","link":"https:\/\/muap.sk\/index.php\/mestska-kniznica\/","title":{"rendered":"Mestsk\u00e1 kni\u017enica"},"content":{"rendered":"<h4 style=\"text-align: center;\"><a href=\"https:\/\/muap.sk\/index.php\/mestska-kniznica\/mestska-kniznica\/\" target=\"_blank\" rel=\"noopener\">Mestsk\u00e1 kni\u017enica<\/a><\/h4>\n<h4 style=\"text-align: center;\"><a href=\"https:\/\/www.muap.sk\/wp-content\/uploads\/2023\/01\/msk_cennik.pdf\" target=\"_blank\" rel=\"noopener\">MsK cenn\u00edk<\/a><\/h4>\n<h4 style=\"text-align: center;\"><a href=\"https:\/\/www.muap.sk\/wp-content\/uploads\/2019\/05\/statut_msk.pdf\" target=\"_blank\" rel=\"noopener\">Msk \u0161tat\u00fat<\/a><\/h4>\n<h4 style=\"text-align: center;\"><a href=\"https:\/\/www.muap.sk\/wp-content\/uploads\/2019\/05\/msk_poriadok.pdf\" target=\"_blank\" rel=\"noopener\">Msk kni\u017eni\u010dn\u00fd a v\u00fdpo\u017ei\u010dn\u00fd poriadok<\/a><\/h4>\n<h4 style=\"text-align: center;\"><a href=\"https:\/\/muap.sk\/index.php\/mestska-kniznica\/kontakt\/\" target=\"_blank\" rel=\"noopener\">Kontakt<\/a><\/h4>\n<p>&nbsp;<\/p>\n<p>&nbsp;<\/p>\n<p>&nbsp;<\/p>\n","protected":false},"excerpt":{"rendered":"<p>Mestsk\u00e1 kni\u017enica MsK cenn\u00edk Msk \u0161tat\u00fat Msk kni\u017eni\u010dn\u00fd a v\u00fdpo\u017ei\u010dn\u00fd poriadok Kontakt &nbsp; &nbsp; &nbsp;<\/p>\n","protected":false},"author":1,"featured_media":0,"parent":0,"menu_order":0,"comment_status":"closed","ping_status":"closed","template":"page-templates\/full-width.php","meta":[],"_links":{"self":[{"href":"https:\/\/muap.sk\/index.php\/wp-json\/wp\/v2\/pages\/362"}],"collection":[{"href":"https:\/\/muap.sk\/index.php\/wp-json\/wp\/v2\/pages"}],"about":[{"href":"https:\/\/muap.sk\/index.php\/wp-json\/wp\/v2\/types\/page"}],"author":[{"embeddable":true,"href":"https:\/\/muap.sk\/index.php\/wp-json\/wp\/v2\/users\/1"}],"replies":[{"embeddable":true,"href":"https:\/\/muap.sk\/index.php\/wp-json\/wp\/v2\/comments?post=362"}],"version-history":[{"count":6,"href":"https:\/\/muap.sk\/index.php\/wp-json\/wp\/v2\/pages\/362\/revisions"}],"predecessor-version":[{"id":3005,"href":"https:\/\/muap.sk\/index.php\/wp-json\/wp\/v2\/pages\/362\/revisions\/3005"}],"wp:attachment":[{"href":"https:\/\/muap.sk\/index.php\/wp-json\/wp\/v2\/media?parent=362"}],"curies":[{"name":"wp","href":"https:\/\/api.w.org\/{rel}","templated":true}]}}