{"id":364,"date":"2019-05-10T13:27:14","date_gmt":"2019-05-10T11:27:14","guid":{"rendered":"http:\/\/muap.sk\/?page_id=364"},"modified":"2023-01-19T08:38:26","modified_gmt":"2023-01-19T07:38:26","slug":"dom-kultury","status":"publish","type":"page","link":"https:\/\/muap.sk\/index.php\/dom-kultury\/","title":{"rendered":"Dom kult\u00fary"},"content":{"rendered":"<h4 style=\"text-align: center;\"><a href=\"https:\/\/muap.sk\/index.php\/zakladne-dokumenty\/\" target=\"_blank\" rel=\"noopener\">Z\u00e1kladn\u00e9 dokumenty<\/a><\/h4>\n<h4 style=\"text-align: center;\"><a href=\"https:\/\/muap.sk\/index.php\/dom-kultury\/sprava-o-cinnosti-a-hospodareni\/\" target=\"_blank\" rel=\"noopener\">Spr\u00e1va o \u010dinnosti a hospod\u00e1ren\u00ed<\/a><\/h4>\n<h4 style=\"text-align: center;\"><a href=\"https:\/\/www.muap.sk\/wp-content\/uploads\/2023\/01\/cennik.pdf\" target=\"_blank\" rel=\"noopener\">Cenn\u00edk<\/a><\/h4>\n<h4 style=\"text-align: center;\"><a href=\"https:\/\/www.muap.sk\/wp-content\/uploads\/2019\/05\/poriadok.pdf\" target=\"_blank\" rel=\"noopener\">Trhov\u00fd poriadok<\/a><\/h4>\n<h4 style=\"text-align: center;\"><a href=\"https:\/\/www.muap.sk\/wp-content\/uploads\/2019\/05\/nakres_javiska_DK.pdf\" target=\"_blank\" rel=\"noopener\">N\u00e1kres javiska DK<\/a><\/h4>\n<h4 style=\"text-align: center;\"><a href=\"https:\/\/www.muap.sk\/wp-content\/uploads\/2019\/05\/sedenie_v_sale_DK.pdf\" target=\"_blank\" rel=\"noopener\">Sedenie v spolo\u010denskej s\u00e1le DK<\/a><\/h4>\n<h4 style=\"text-align: center;\"><a href=\"https:\/\/muap.sk\/index.php\/dom-kultury\/dom-kultury\/\" target=\"_blank\" rel=\"noopener\">Dom kult\u00fary<\/a><\/h4>\n<h4 style=\"text-align: center;\"><a href=\"https:\/\/muap.sk\/index.php\/dom-kultury\/referencie\/\" target=\"_blank\" rel=\"noopener\">Referencie<\/a><\/h4>\n<p>&nbsp;<\/p>\n<p>&nbsp;<\/p>\n<p>&nbsp;<\/p>\n<p>&nbsp;<\/p>\n<p>&nbsp;<\/p>\n","protected":false},"excerpt":{"rendered":"<p>Z\u00e1kladn\u00e9 dokumenty Spr\u00e1va o \u010dinnosti a hospod\u00e1ren\u00ed Cenn\u00edk Trhov\u00fd poriadok N\u00e1kres javiska DK Sedenie v spolo\u010denskej s\u00e1le DK Dom kult\u00fary [&hellip;]<\/p>\n","protected":false},"author":1,"featured_media":0,"parent":0,"menu_order":0,"comment_status":"closed","ping_status":"closed","template":"page-templates\/full-width.php","meta":[],"_links":{"self":[{"href":"https:\/\/muap.sk\/index.php\/wp-json\/wp\/v2\/pages\/364"}],"collection":[{"href":"https:\/\/muap.sk\/index.php\/wp-json\/wp\/v2\/pages"}],"about":[{"href":"https:\/\/muap.sk\/index.php\/wp-json\/wp\/v2\/types\/page"}],"author":[{"embeddable":true,"href":"https:\/\/muap.sk\/index.php\/wp-json\/wp\/v2\/users\/1"}],"replies":[{"embeddable":true,"href":"https:\/\/muap.sk\/index.php\/wp-json\/wp\/v2\/comments?post=364"}],"version-history":[{"count":8,"href":"https:\/\/muap.sk\/index.php\/wp-json\/wp\/v2\/pages\/364\/revisions"}],"predecessor-version":[{"id":3006,"href":"https:\/\/muap.sk\/index.php\/wp-json\/wp\/v2\/pages\/364\/revisions\/3006"}],"wp:attachment":[{"href":"https:\/\/muap.sk\/index.php\/wp-json\/wp\/v2\/media?parent=364"}],"curies":[{"name":"wp","href":"https:\/\/api.w.org\/{rel}","templated":true}]}}