{"id":385,"date":"2019-05-10T19:14:55","date_gmt":"2019-05-10T17:14:55","guid":{"rendered":"http:\/\/muap.sk\/?page_id=385"},"modified":"2019-06-06T14:45:50","modified_gmt":"2019-06-06T12:45:50","slug":"zakladne-dokumenty","status":"publish","type":"page","link":"https:\/\/muap.sk\/index.php\/dom-kultury\/zakladne-dokumenty\/","title":{"rendered":"Z\u00e1kladn\u00e9 dokumenty"},"content":{"rendered":"<h4 style=\"text-align: center;\"><a href=\"https:\/\/www.muap.sk\/wp-content\/uploads\/2019\/05\/zl.pdf\" target=\"_blank\" rel=\"noopener\">Zria\u010fovacia listina<\/a><\/h4>\n<h4 style=\"text-align: center;\"><a href=\"https:\/\/www.muap.sk\/wp-content\/uploads\/2019\/05\/statut.pdf\" target=\"_blank\" rel=\"noopener\">\u0160tat\u00fat<\/a><\/h4>\n<h4 style=\"text-align: center;\"><a href=\"https:\/\/www.muap.sk\/wp-content\/uploads\/2019\/05\/os.pdf\" target=\"_blank\" rel=\"noopener\">Organiza\u010dn\u00e1 \u0161trukt\u00fara<\/a><\/h4>\n<h4 style=\"text-align: center;\"><a href=\"https:\/\/www.muap.sk\/wp-content\/uploads\/2019\/05\/md.pdf\" target=\"_blank\" rel=\"noopener\">Menovac\u00ed dekr\u00e9t<\/a><\/h4>\n<h4 style=\"text-align: center;\"><a href=\"https:\/\/www.muap.sk\/wp-content\/uploads\/2019\/05\/ico.pdf\" target=\"_blank\" rel=\"noopener\">I\u010cO MUA Partiz\u00e1nske<\/a><\/h4>\n<p>&nbsp;<\/p>\n<p>&nbsp;<\/p>\n<p>&nbsp;<\/p>\n","protected":false},"excerpt":{"rendered":"<p>Zria\u010fovacia listina \u0160tat\u00fat Organiza\u010dn\u00e1 \u0161trukt\u00fara Menovac\u00ed dekr\u00e9t I\u010cO MUA Partiz\u00e1nske &nbsp; &nbsp; &nbsp;<\/p>\n","protected":false},"author":1,"featured_media":0,"parent":364,"menu_order":0,"comment_status":"closed","ping_status":"closed","template":"page-templates\/full-width.php","meta":[],"_links":{"self":[{"href":"https:\/\/muap.sk\/index.php\/wp-json\/wp\/v2\/pages\/385"}],"collection":[{"href":"https:\/\/muap.sk\/index.php\/wp-json\/wp\/v2\/pages"}],"about":[{"href":"https:\/\/muap.sk\/index.php\/wp-json\/wp\/v2\/types\/page"}],"author":[{"embeddable":true,"href":"https:\/\/muap.sk\/index.php\/wp-json\/wp\/v2\/users\/1"}],"replies":[{"embeddable":true,"href":"https:\/\/muap.sk\/index.php\/wp-json\/wp\/v2\/comments?post=385"}],"version-history":[{"count":5,"href":"https:\/\/muap.sk\/index.php\/wp-json\/wp\/v2\/pages\/385\/revisions"}],"predecessor-version":[{"id":886,"href":"https:\/\/muap.sk\/index.php\/wp-json\/wp\/v2\/pages\/385\/revisions\/886"}],"up":[{"embeddable":true,"href":"https:\/\/muap.sk\/index.php\/wp-json\/wp\/v2\/pages\/364"}],"wp:attachment":[{"href":"https:\/\/muap.sk\/index.php\/wp-json\/wp\/v2\/media?parent=385"}],"curies":[{"name":"wp","href":"https:\/\/api.w.org\/{rel}","templated":true}]}}