{"id":403,"date":"2019-05-11T09:37:41","date_gmt":"2019-05-11T07:37:41","guid":{"rendered":"http:\/\/muap.sk\/?page_id=403"},"modified":"2025-06-25T16:10:54","modified_gmt":"2025-06-25T14:10:54","slug":"sprava-o-cinnosti-a-hospodareni","status":"publish","type":"page","link":"https:\/\/muap.sk\/index.php\/dom-kultury\/sprava-o-cinnosti-a-hospodareni\/","title":{"rendered":"Spr\u00e1va o \u010dinnosti a hospod\u00e1ren\u00ed"},"content":{"rendered":"<p style=\"text-align: center;\"><strong><a href=\"https:\/\/muap.sk\/wp-content\/uploads\/2025\/06\/Sprava-MUA-za-rok-2024-.pdf\" target=\"_blank\" rel=\"noopener\">Spr\u00e1va o \u010dinnosti a hospodod\u00e1ren\u00ed MUA Partiz\u00e1nske za rok 2024<\/a><\/strong><\/p>\n<p style=\"text-align: center;\"><strong><a href=\"https:\/\/muap.sk\/wp-content\/uploads\/2024\/06\/Sprava-MUA-za-rok-2023.pdf\" target=\"_blank\" rel=\"noopener\">Spr\u00e1va o \u010dinnosti a hospodod\u00e1ren\u00ed MUA Partiz\u00e1nske za rok 2023<\/a><\/strong><\/p>\n<p style=\"text-align: center;\"><strong><a href=\"https:\/\/www.muap.sk\/wp-content\/uploads\/2023\/07\/sprava_MUA_2022.pdf\" target=\"_blank\" rel=\"noopener\">Spr\u00e1va o \u010dinnosti a hospodod\u00e1ren\u00ed MUA Partiz\u00e1nske za rok 2022<\/a><\/strong><\/p>\n<p style=\"text-align: center;\"><strong><a href=\"https:\/\/www.muap.sk\/wp-content\/uploads\/2022\/08\/sprava2021.pdf\" target=\"_blank\" rel=\"noopener\">Spr\u00e1va o \u010dinnosti a hospodod\u00e1ren\u00ed MUA Partiz\u00e1nske za rok 2021<\/a><\/strong><\/p>\n<p style=\"text-align: center;\"><strong><a href=\"https:\/\/www.muap.sk\/wp-content\/uploads\/2021\/06\/sprava2020.pdf\" target=\"_blank\" rel=\"noopener\">Spr\u00e1va o \u010dinnosti a hospodod\u00e1ren\u00ed MUA Partiz\u00e1nske za rok 2020<\/a><\/strong><\/p>\n<p style=\"text-align: center;\"><strong><a href=\"https:\/\/www.muap.sk\/wp-content\/uploads\/2020\/06\/sprava2019.pdf\" target=\"_blank\" rel=\"noopener\">Spr\u00e1va o \u010dinnosti a hospodod\u00e1ren\u00ed MUA Partiz\u00e1nske za rok 2019<\/a><\/strong><\/p>\n<p style=\"text-align: center;\"><strong><a href=\"https:\/\/www.muap.sk\/wp-content\/uploads\/2019\/06\/sprava2018.pdf\" target=\"_blank\" rel=\"noopener\">Spr\u00e1va o \u010dinnosti a hospodod\u00e1ren\u00ed MUA Partiz\u00e1nske za rok 2018<\/a><\/strong><\/p>\n<p style=\"text-align: center;\"><strong><a href=\"https:\/\/www.muap.sk\/wp-content\/uploads\/2019\/05\/sprava2017.pdf\" target=\"_blank\" rel=\"noopener\">Spr\u00e1va o \u010dinnosti a hospodod\u00e1ren\u00ed MUA Partiz\u00e1nske za rok 2017<\/a><\/strong><\/p>\n<p style=\"text-align: center;\"><strong><a href=\"https:\/\/www.muap.sk\/wp-content\/uploads\/2019\/05\/sprava2016.pdf\" target=\"_blank\" rel=\"noopener\">Spr\u00e1va o \u010dinnosti a hospodod\u00e1ren\u00ed MUA Partiz\u00e1nske za rok 2016<\/a><\/strong><\/p>\n<p style=\"text-align: center;\"><strong><a href=\"https:\/\/www.muap.sk\/wp-content\/uploads\/2019\/05\/sprava2015.pdf\" target=\"_blank\" rel=\"noopener\">Spr\u00e1va o \u010dinnosti a hospodod\u00e1ren\u00ed MUA Partiz\u00e1nske za rok 2015<\/a><\/strong><\/p>\n<p style=\"text-align: center;\"><strong><a href=\"https:\/\/www.muap.sk\/wp-content\/uploads\/2019\/05\/sprava2014.pdf\" target=\"_blank\" rel=\"noopener\">Spr\u00e1va o \u010dinnosti a hospodod\u00e1ren\u00ed MUA Partiz\u00e1nske za rok 2014<\/a><\/strong><\/p>\n<p style=\"text-align: center;\"><strong><a href=\"https:\/\/www.muap.sk\/wp-content\/uploads\/2019\/05\/sprava2013.pdf\" target=\"_blank\" rel=\"noopener\">Spr\u00e1va o \u010dinnosti a hospodod\u00e1ren\u00ed MUA Partiz\u00e1nske za rok 2013<\/a><\/strong><\/p>\n<p style=\"text-align: center;\"><strong><a href=\"https:\/\/www.muap.sk\/wp-content\/uploads\/2019\/05\/sprava2012.pdf\" target=\"_blank\" rel=\"noopener\">Spr\u00e1va o \u010dinnosti a hospodod\u00e1ren\u00ed APC Partiz\u00e1nske za rok 2012<\/a><\/strong><\/p>\n<p style=\"text-align: center;\"><a href=\"https:\/\/www.muap.sk\/wp-content\/uploads\/2019\/05\/sprava2011.pdf\" target=\"_blank\" rel=\"noopener\"><strong>Spr\u00e1va o \u010dinnosti a hospodod\u00e1ren\u00ed APC Partiz\u00e1nske za rok 2011<\/strong><\/a><\/p>\n","protected":false},"excerpt":{"rendered":"<p>Spr\u00e1va o \u010dinnosti a hospodod\u00e1ren\u00ed MUA Partiz\u00e1nske za rok 2024 Spr\u00e1va o \u010dinnosti a hospodod\u00e1ren\u00ed MUA Partiz\u00e1nske za rok 2023 [&hellip;]<\/p>\n","protected":false},"author":1,"featured_media":0,"parent":364,"menu_order":0,"comment_status":"closed","ping_status":"closed","template":"page-templates\/full-width.php","meta":[],"_links":{"self":[{"href":"https:\/\/muap.sk\/index.php\/wp-json\/wp\/v2\/pages\/403"}],"collection":[{"href":"https:\/\/muap.sk\/index.php\/wp-json\/wp\/v2\/pages"}],"about":[{"href":"https:\/\/muap.sk\/index.php\/wp-json\/wp\/v2\/types\/page"}],"author":[{"embeddable":true,"href":"https:\/\/muap.sk\/index.php\/wp-json\/wp\/v2\/users\/1"}],"replies":[{"embeddable":true,"href":"https:\/\/muap.sk\/index.php\/wp-json\/wp\/v2\/comments?post=403"}],"version-history":[{"count":15,"href":"https:\/\/muap.sk\/index.php\/wp-json\/wp\/v2\/pages\/403\/revisions"}],"predecessor-version":[{"id":4289,"href":"https:\/\/muap.sk\/index.php\/wp-json\/wp\/v2\/pages\/403\/revisions\/4289"}],"up":[{"embeddable":true,"href":"https:\/\/muap.sk\/index.php\/wp-json\/wp\/v2\/pages\/364"}],"wp:attachment":[{"href":"https:\/\/muap.sk\/index.php\/wp-json\/wp\/v2\/media?parent=403"}],"curies":[{"name":"wp","href":"https:\/\/api.w.org\/{rel}","templated":true}]}}