{"id":432,"date":"2019-05-11T09:47:23","date_gmt":"2019-05-11T07:47:23","guid":{"rendered":"http:\/\/muap.sk\/?page_id=432"},"modified":"2022-10-27T11:09:21","modified_gmt":"2022-10-27T09:09:21","slug":"zmluvy","status":"publish","type":"page","link":"https:\/\/muap.sk\/index.php\/verejne-informacie\/zmluvy\/","title":{"rendered":"Zmluvy"},"content":{"rendered":"<p>Od 31.3.2022 s\u00fa zmluvy zverej\u0148ovan\u00e9 v Centr\u00e1lnom registri zml\u00fav (CRZ).<\/p>\n<p>V centr\u00e1lnom registri zml\u00fav zverej\u0148uj\u00fa zmluvy povinn\u00e9 osoby pod\u013ea \u00a7 2 z\u00e1kona \u010d. 211\/2000 Z. z. o slobodnom pr\u00edstupe k inform\u00e1ci\u00e1m a o zmene a doplnen\u00ed niektor\u00fdch z\u00e1konov (z\u00e1kon o slobode inform\u00e1ci\u00ed) v znen\u00ed neskor\u0161\u00edch predpisov.<\/p>\n<hr \/>\n<h3>Zmluvy 2022<\/h3>\n<p><strong>01-05\/2022 <a href=\"https:\/\/muap.sk\/wp-content\/uploads\/2022\/10\/zmluvy2022.zip\" target=\"_blank\" rel=\"noopener\">Zmluvy 2022<\/a> <a href=\"https:\/\/muap.sk\/wp-content\/uploads\/2022\/10\/zmluvy2022.zip\" target=\"_blank\" rel=\"noopener\"><img loading=\"lazy\" class=\"alignnone wp-image-589 size-full\" src=\"https:\/\/muap.sk\/wp-content\/uploads\/2019\/05\/zip.png\" alt=\"\" width=\"40\" height=\"40\" \/><\/a> ZIP, 3MB<\/strong><\/p>\n<hr \/>\n<h3>Zmluvy 2021<\/h3>\n<p><strong>01-12\/2021 <a href=\"https:\/\/muap.sk\/wp-content\/uploads\/2022\/03\/zmluvy2021.zip\" target=\"_blank\" rel=\"noopener\">Zmluvy 2021<\/a> <a href=\"https:\/\/muap.sk\/wp-content\/uploads\/2022\/03\/zmluvy2021.zip\" target=\"_blank\" rel=\"noopener\"><img loading=\"lazy\" class=\"size-full wp-image-589 alignnone\" src=\"https:\/\/muap.sk\/wp-content\/uploads\/2019\/05\/zip.png\" alt=\"\" width=\"40\" height=\"40\" \/><\/a> ZIP, 14MB<\/strong><\/p>\n<hr \/>\n<h3>Zmluvy 2020<\/h3>\n<p><strong>01-12\/2020 <a href=\"https:\/\/muap.sk\/wp-content\/uploads\/2021\/02\/zmluvy2020.zip\" target=\"_blank\" rel=\"noopener\">Zmluvy 2020<\/a> <a href=\"https:\/\/muap.sk\/wp-content\/uploads\/2021\/02\/zmluvy2020.zip\" target=\"_blank\" rel=\"noopener\"><img loading=\"lazy\" class=\"size-full wp-image-589 alignnone\" src=\"https:\/\/muap.sk\/wp-content\/uploads\/2019\/05\/zip.png\" alt=\"\" width=\"40\" height=\"40\" \/><\/a> ZIP, 22MB<\/strong><\/p>\n<hr \/>\n<h3>Zmluvy 2019<\/h3>\n<p><strong>01-12\/2019 <a href=\"https:\/\/muap.sk\/wp-content\/uploads\/2020\/01\/zmluvy2019.zip\" target=\"_blank\" rel=\"noopener\">Zmluvy 2019<\/a> <a href=\"https:\/\/muap.sk\/wp-content\/uploads\/2020\/01\/zmluvy2019.zip\" target=\"_blank\" rel=\"noopener\"><img loading=\"lazy\" class=\"size-full wp-image-589 alignnone\" src=\"https:\/\/muap.sk\/wp-content\/uploads\/2019\/05\/zip.png\" alt=\"\" width=\"40\" height=\"40\" \/><\/a> ZIP, 54MB<\/strong><\/p>\n<hr \/>\n<h3>Zmluvy 2018<\/h3>\n<p><strong>01-12\/2018\u00a0\u00a0\u00a0\u00a0\u00a0\u00a0\u00a0\u00a0<a href=\"https:\/\/muap.sk\/pdf\/zmluvy\/zmluvy2018.zip\" target=\"_blank\" rel=\"noopener\">Zmluvy 2018<\/a>\u00a0\u00a0\u00a0\u00a0\u00a0 \u00a0<a href=\"https:\/\/muap.sk\/pdf\/zmluvy\/zmluvy2018.zip\" target=\"_blank\" rel=\"noopener\"><img loading=\"lazy\" class=\"size-full wp-image-589 alignnone\" src=\"https:\/\/muap.sk\/wp-content\/uploads\/2019\/05\/zip.png\" alt=\"\" width=\"40\" height=\"40\" \/><\/a>\u00a0\u00a0\u00a0\u00a0ZIP, 31MB<\/strong><\/p>\n<hr \/>\n<h3>Zmluvy 2017<\/h3>\n<p><strong>01-12\/2017\u00a0\u00a0\u00a0\u00a0\u00a0\u00a0 <a href=\"https:\/\/muap.sk\/pdf\/zmluvy\/zmluvy2017.zip\" target=\"_blank\" rel=\"noopener\">Zmluvy 2017<\/a>\u00a0\u00a0\u00a0\u00a0\u00a0\u00a0\u00a0\u00a0<a href=\"https:\/\/muap.sk\/pdf\/zmluvy\/zmluvy2017.zip\" target=\"_blank\" rel=\"noopener\"><img loading=\"lazy\" class=\"size-full wp-image-589 alignnone\" src=\"https:\/\/muap.sk\/wp-content\/uploads\/2019\/05\/zip.png\" alt=\"\" width=\"40\" height=\"40\" \/><\/a>\u00a0\u00a0\u00a0 ZIP, 50MB<\/strong><\/p>\n<hr \/>\n<h3>Zmluvy 2016<\/h3>\n<p><strong>01-12\/2016 \u00a0\u00a0\u00a0\u00a0\u00a0 <a href=\"https:\/\/muap.sk\/pdf\/zmluvy\/zmluvy2016.zip\" target=\"_blank\" rel=\"noopener\">Zmluvy 2016<\/a>\u00a0\u00a0\u00a0\u00a0\u00a0\u00a0\u00a0\u00a0<a href=\"https:\/\/muap.sk\/pdf\/zmluvy\/zmluvy2016.zip\" target=\"_blank\" rel=\"noopener\"><img loading=\"lazy\" class=\"size-full wp-image-589 alignnone\" src=\"https:\/\/muap.sk\/wp-content\/uploads\/2019\/05\/zip.png\" alt=\"\" width=\"40\" height=\"40\" \/><\/a>\u00a0\u00a0\u00a0 ZIP, 50MB<\/strong><\/p>\n<hr \/>\n<h3>Zmluvy 2015<\/h3>\n<p><strong>01-12\/2015 \u00a0\u00a0\u00a0\u00a0\u00a0\u00a0<a href=\"https:\/\/muap.sk\/pdf\/zmluvy\/zmluvy2015.zip\" target=\"_blank\" rel=\"noopener\">Zmluvy 2015<\/a>\u00a0\u00a0 \u00a0\u00a0\u00a0\u00a0 <a href=\"https:\/\/muap.sk\/pdf\/zmluvy\/zmluvy2015.zip\" target=\"_blank\" rel=\"noopener\"><img loading=\"lazy\" class=\"alignnone wp-image-589 size-full\" src=\"https:\/\/muap.sk\/wp-content\/uploads\/2019\/05\/zip.png\" alt=\"\" width=\"40\" height=\"40\" \/><\/a>\u00a0\u00a0\u00a0 ZIP, 49MB<\/strong><\/p>\n<hr \/>\n<h3>Zmluvy 2014<\/h3>\n<p><strong>01-12\/2014 \u00a0\u00a0\u00a0\u00a0\u00a0 <a href=\"https:\/\/muap.sk\/pdf\/zmluvy\/zmluvy2014.zip\" target=\"_blank\" rel=\"noopener\">Zmluvy 2014<\/a>\u00a0\u00a0 \u00a0\u00a0\u00a0\u00a0 <a href=\"https:\/\/muap.sk\/pdf\/zmluvy\/zmluvy2014.zip\" target=\"_blank\" rel=\"noopener\"><img loading=\"lazy\" class=\"alignnone wp-image-589 size-full\" src=\"https:\/\/muap.sk\/wp-content\/uploads\/2019\/05\/zip.png\" alt=\"\" width=\"40\" height=\"40\" \/><\/a>\u00a0\u00a0\u00a0 ZIP, 49MB<\/strong><\/p>\n<hr \/>\n<h3>Zmluvy 2013<\/h3>\n<p><strong>01-12\/2013 \u00a0\u00a0\u00a0\u00a0\u00a0 <a href=\"https:\/\/muap.sk\/pdf\/zmluvy\/zmluvy2013.zip\" target=\"_blank\" rel=\"noopener\">Zmluvy 2013<\/a>\u00a0\u00a0 \u00a0\u00a0\u00a0\u00a0 <a href=\"https:\/\/muap.sk\/pdf\/zmluvy\/zmluvy2013.zip\" target=\"_blank\" rel=\"noopener\"><img loading=\"lazy\" class=\"alignnone wp-image-589 size-full\" src=\"https:\/\/muap.sk\/wp-content\/uploads\/2019\/05\/zip.png\" alt=\"\" width=\"40\" height=\"40\" \/><\/a>\u00a0\u00a0\u00a0 ZIP, 136MB<\/strong><\/p>\n<hr \/>\n<h3>Zmluvy 2012<\/h3>\n<p><strong>01-12\/2012 \u00a0\u00a0\u00a0\u00a0\u00a0 <a href=\"https:\/\/muap.sk\/pdf\/zmluvy\/zmluvy2012.zip\" target=\"_blank\" rel=\"noopener\">Zmluvy 2012<\/a>\u00a0\u00a0 \u00a0\u00a0\u00a0\u00a0 <a href=\"https:\/\/muap.sk\/pdf\/zmluvy\/zmluvy2012.zip\" target=\"_blank\" rel=\"noopener\"><img loading=\"lazy\" class=\"alignnone wp-image-589 size-full\" src=\"https:\/\/muap.sk\/wp-content\/uploads\/2019\/05\/zip.png\" alt=\"\" width=\"40\" height=\"40\" \/><\/a>\u00a0\u00a0\u00a0 ZIP, 175MB<\/strong><\/p>\n<hr \/>\n<h3>Zmluvy 2011<\/h3>\n<p><strong>01-12\/2011 \u00a0\u00a0\u00a0\u00a0\u00a0 <a href=\"https:\/\/muap.sk\/pdf\/zmluvy\/zmluvy2011.zip\" target=\"_blank\" rel=\"noopener\">Zmluvy 2011<\/a>\u00a0\u00a0 \u00a0\u00a0\u00a0\u00a0 <a href=\"https:\/\/muap.sk\/pdf\/zmluvy\/zmluvy2011.zip\" target=\"_blank\" rel=\"noopener\"><img loading=\"lazy\" class=\"alignnone wp-image-589 size-full\" src=\"https:\/\/muap.sk\/wp-content\/uploads\/2019\/05\/zip.png\" alt=\"\" width=\"40\" height=\"40\" \/><\/a>\u00a0\u00a0\u00a0 ZIP, 101MB<\/strong><\/p>\n","protected":false},"excerpt":{"rendered":"<p>Od 31.3.2022 s\u00fa zmluvy zverej\u0148ovan\u00e9 v Centr\u00e1lnom registri zml\u00fav (CRZ). V centr\u00e1lnom registri zml\u00fav zverej\u0148uj\u00fa zmluvy povinn\u00e9 osoby pod\u013ea \u00a7 [&hellip;]<\/p>\n","protected":false},"author":1,"featured_media":0,"parent":356,"menu_order":0,"comment_status":"closed","ping_status":"closed","template":"page-templates\/full-width.php","meta":[],"_links":{"self":[{"href":"https:\/\/muap.sk\/index.php\/wp-json\/wp\/v2\/pages\/432"}],"collection":[{"href":"https:\/\/muap.sk\/index.php\/wp-json\/wp\/v2\/pages"}],"about":[{"href":"https:\/\/muap.sk\/index.php\/wp-json\/wp\/v2\/types\/page"}],"author":[{"embeddable":true,"href":"https:\/\/muap.sk\/index.php\/wp-json\/wp\/v2\/users\/1"}],"replies":[{"embeddable":true,"href":"https:\/\/muap.sk\/index.php\/wp-json\/wp\/v2\/comments?post=432"}],"version-history":[{"count":20,"href":"https:\/\/muap.sk\/index.php\/wp-json\/wp\/v2\/pages\/432\/revisions"}],"predecessor-version":[{"id":2777,"href":"https:\/\/muap.sk\/index.php\/wp-json\/wp\/v2\/pages\/432\/revisions\/2777"}],"up":[{"embeddable":true,"href":"https:\/\/muap.sk\/index.php\/wp-json\/wp\/v2\/pages\/356"}],"wp:attachment":[{"href":"https:\/\/muap.sk\/index.php\/wp-json\/wp\/v2\/media?parent=432"}],"curies":[{"name":"wp","href":"https:\/\/api.w.org\/{rel}","templated":true}]}}