{"id":434,"date":"2019-05-11T09:47:37","date_gmt":"2019-05-11T07:47:37","guid":{"rendered":"http:\/\/muap.sk\/?page_id=434"},"modified":"2026-03-16T08:28:47","modified_gmt":"2026-03-16T07:28:47","slug":"faktury","status":"publish","type":"page","link":"https:\/\/muap.sk\/index.php\/verejne-informacie\/faktury\/","title":{"rendered":"Fakt\u00fary"},"content":{"rendered":"<hr \/>\n<h3>Fakt\u00fary 2026<\/h3>\n\n<table id=\"tablepress-20\" class=\"tablepress tablepress-id-20\">\n<thead>\n<tr class=\"row-1 odd\">\n\t<th class=\"column-1\">Mesiac<\/th><th class=\"column-2\">Fakt\u00fara<\/th><th class=\"column-3\">PDF<\/th>\n<\/tr>\n<\/thead>\n<tbody class=\"row-hover\">\n<tr class=\"row-2 even\">\n\t<td class=\"column-1\">02\/2026<\/td><td class=\"column-2\"><a href=\"https:\/\/muap.sk\/wp-content\/uploads\/2026\/03\/dfaktury_02_2026.pdf\" rel=\"noopener\" target=\"_blank\">Fakt\u00fary dod\u00e1vate\u013esk\u00e9<\/a><\/td><td class=\"column-3\">pdf, 415 KB<\/td>\n<\/tr>\n<tr class=\"row-3 odd\">\n\t<td class=\"column-1\">02\/2026<\/td><td class=\"column-2\"><a href=\"https:\/\/muap.sk\/wp-content\/uploads\/2026\/03\/ofaktury_02_2026.pdf\" rel=\"noopener\" target=\"_blank\">Fakt\u00fary odberate\u013esk\u00e9<\/a><\/td><td class=\"column-3\">pdf, 403 KB<\/td>\n<\/tr>\n<tr class=\"row-4 even\">\n\t<td class=\"column-1\">01\/2026<\/td><td class=\"column-2\"><a href=\"https:\/\/muap.sk\/wp-content\/uploads\/2026\/02\/dfaktury_01_2026.pdf\" rel=\"noopener\" target=\"_blank\">Fakt\u00fary dod\u00e1vate\u013esk\u00e9<\/a><\/td><td class=\"column-3\">pdf, 411 KB<\/td>\n<\/tr>\n<tr class=\"row-5 odd\">\n\t<td class=\"column-1\">01\/2026<\/td><td class=\"column-2\"><a href=\"https:\/\/muap.sk\/wp-content\/uploads\/2026\/02\/ofaktury_01_2026.pdf\" rel=\"noopener\" target=\"_blank\">Fakt\u00fary odberate\u013esk\u00e9<\/a><\/td><td class=\"column-3\">pdf, 402 KB<\/td>\n<\/tr>\n<\/tbody>\n<\/table>\n<!-- #tablepress-20 from cache -->\n<hr \/>\n<hr \/>\n<h3>Objedn\u00e1vky 2026<\/h3>\n\n<table id=\"tablepress-19\" class=\"tablepress tablepress-id-19\">\n<thead>\n<tr class=\"row-1 odd\">\n\t<th class=\"column-1\">Mesiac<\/th><th class=\"column-2\">Fakt\u00fara<\/th><th class=\"column-3\">PDF<\/th>\n<\/tr>\n<\/thead>\n<tbody class=\"row-hover\">\n<tr class=\"row-2 even\">\n\t<td class=\"column-1\">02\/2026<\/td><td class=\"column-2\"><a href=\"https:\/\/muap.sk\/wp-content\/uploads\/2026\/03\/022026.pdf\" rel=\"noopener\" target=\"_blank\">Objedn\u00e1vky Febru\u00e1r<\/a><\/td><td class=\"column-3\">pdf, 397 KB<\/td>\n<\/tr>\n<tr class=\"row-3 odd\">\n\t<td class=\"column-1\">01\/2026<\/td><td class=\"column-2\"><a href=\"https:\/\/muap.sk\/wp-content\/uploads\/2026\/02\/012026.pdf\" rel=\"noopener\" target=\"_blank\">Objedn\u00e1vky Janu\u00e1r<\/a><\/td><td class=\"column-3\">pdf, 398 KB<\/td>\n<\/tr>\n<\/tbody>\n<\/table>\n<!-- #tablepress-19 from cache -->\n<hr \/>\n<hr \/>\n<p>&nbsp;<\/p>\n<h3>ARCH\u00cdV<\/h3>\n<hr \/>\n<h3>Fakt\u00fary 2025<\/h3>\n<p><strong>01-12\/2025 <a href=\"https:\/\/muap.sk\/wp-content\/uploads\/2026\/03\/faktury2025.zip\" target=\"_blank\" rel=\"noopener\">Fakt\u00fary 2025<\/a> <a href=\"https:\/\/muap.sk\/wp-content\/uploads\/2026\/03\/faktury2025.zip\" target=\"_blank\" rel=\"noopener\"><img loading=\"lazy\" class=\"alignnone wp-image-589 size-full\" src=\"https:\/\/muap.sk\/wp-content\/uploads\/2019\/05\/zip.png\" alt=\"\" width=\"40\" height=\"40\" \/><\/a> ZIP, 9818kB<br \/>\n<\/strong><\/p>\n<hr \/>\n<h3>Objedn\u00e1vky 2025<\/h3>\n<p><strong>01-12\/2025 <a href=\"https:\/\/muap.sk\/wp-content\/uploads\/2026\/03\/objednavky2025.zip\" target=\"_blank\" rel=\"noopener\">Objedn\u00e1vky 2025<\/a> <a href=\"https:\/\/muap.sk\/wp-content\/uploads\/2026\/03\/objednavky2025.zip\" target=\"_blank\" rel=\"noopener\"><img loading=\"lazy\" class=\"alignnone wp-image-589 size-full\" src=\"https:\/\/muap.sk\/wp-content\/uploads\/2019\/05\/zip.png\" alt=\"\" width=\"40\" height=\"40\" \/><\/a> ZIP, 4796kB<br \/>\n<\/strong><\/p>\n<hr \/>\n<h3>Fakt\u00fary 2024<\/h3>\n<p><strong>01-12\/2024 <a href=\"https:\/\/muap.sk\/wp-content\/uploads\/2025\/03\/faktury2024.zip\" target=\"_blank\" rel=\"noopener\">Fakt\u00fary 2024<\/a> <a href=\"https:\/\/muap.sk\/wp-content\/uploads\/2025\/03\/faktury2024.zip\" target=\"_blank\" rel=\"noopener\"><img loading=\"lazy\" class=\"alignnone wp-image-589 size-full\" src=\"https:\/\/muap.sk\/wp-content\/uploads\/2019\/05\/zip.png\" alt=\"\" width=\"40\" height=\"40\" \/><\/a> ZIP, 9804kB<br \/>\n<\/strong><\/p>\n<hr \/>\n<h3>Objedn\u00e1vky 2024<\/h3>\n<p><strong>01-12\/2024 <a href=\"https:\/\/muap.sk\/wp-content\/uploads\/2025\/03\/objednavky2024.zip\" target=\"_blank\" rel=\"noopener\">Objedn\u00e1vky 2024<\/a> <a href=\"https:\/\/muap.sk\/wp-content\/uploads\/2025\/03\/objednavky2024.zip\" target=\"_blank\" rel=\"noopener\"><img loading=\"lazy\" class=\"alignnone wp-image-589 size-full\" src=\"https:\/\/muap.sk\/wp-content\/uploads\/2019\/05\/zip.png\" alt=\"\" width=\"40\" height=\"40\" \/><\/a> ZIP, 4896kB<br \/>\n<\/strong><\/p>\n<hr \/>\n<h3>Fakt\u00fary 2023<\/h3>\n<p><strong>01-12\/2023 <a href=\"https:\/\/muap.sk\/wp-content\/uploads\/2024\/03\/faktury2023.zip\" target=\"_blank\" rel=\"noopener\">Fakt\u00fary 2023<\/a> <a href=\"https:\/\/muap.sk\/wp-content\/uploads\/2024\/03\/faktury2023.zip\" target=\"_blank\" rel=\"noopener\"><img loading=\"lazy\" class=\"alignnone wp-image-589 size-full\" src=\"https:\/\/muap.sk\/wp-content\/uploads\/2019\/05\/zip.png\" alt=\"\" width=\"40\" height=\"40\" \/><\/a> ZIP, 9262kB<br \/>\n<\/strong><\/p>\n<hr \/>\n<h3>Objedn\u00e1vky 2023<\/h3>\n<p><strong>01-12\/2023 <a href=\"https:\/\/muap.sk\/wp-content\/uploads\/2024\/03\/objednavky2023.zip\" target=\"_blank\" rel=\"noopener\">Objedn\u00e1vky 2023<\/a> <a href=\"https:\/\/muap.sk\/wp-content\/uploads\/2024\/03\/objednavky2023.zip\" target=\"_blank\" rel=\"noopener\"><img loading=\"lazy\" class=\"alignnone wp-image-589 size-full\" src=\"https:\/\/muap.sk\/wp-content\/uploads\/2019\/05\/zip.png\" alt=\"\" width=\"40\" height=\"40\" \/><\/a> ZIP, 4531kB<br \/>\n<\/strong><\/p>\n<hr \/>\n<h3>Fakt\u00fary 2022<\/h3>\n<p><strong>01-12\/2022 <a href=\"https:\/\/muap.sk\/wp-content\/uploads\/2023\/03\/faktury2022.zip\" target=\"_blank\" rel=\"noopener\">Fakt\u00fary 2022<\/a> <a href=\"https:\/\/muap.sk\/wp-content\/uploads\/2022\/03\/faktury2022.zip\" target=\"_blank\" rel=\"noopener\"><img loading=\"lazy\" class=\"alignnone wp-image-589 size-full\" src=\"https:\/\/muap.sk\/wp-content\/uploads\/2019\/05\/zip.png\" alt=\"\" width=\"40\" height=\"40\" \/><\/a> ZIP, 3108kB<br \/>\n<\/strong><\/p>\n<hr \/>\n<h3>Objedn\u00e1vky 2022<\/h3>\n<p><strong>01-12\/2022 <a href=\"https:\/\/muap.sk\/wp-content\/uploads\/2023\/03\/objednavky2022.zip\" target=\"_blank\" rel=\"noopener\">Objedn\u00e1vky 2022<\/a> <a href=\"https:\/\/muap.sk\/wp-content\/uploads\/2023\/03\/objednavky2022.zip\" target=\"_blank\" rel=\"noopener\"><img loading=\"lazy\" class=\"alignnone wp-image-589 size-full\" src=\"https:\/\/muap.sk\/wp-content\/uploads\/2019\/05\/zip.png\" alt=\"\" width=\"40\" height=\"40\" \/><\/a> ZIP, 1574kB<br \/>\n<\/strong><\/p>\n<hr \/>\n<h3>Fakt\u00fary 2021<\/h3>\n<p><strong>01-12\/2021 <a href=\"https:\/\/muap.sk\/wp-content\/uploads\/2022\/03\/faktury2021.zip\" target=\"_blank\" rel=\"noopener\">Fakt\u00fary 2021<\/a> <a href=\"https:\/\/muap.sk\/wp-content\/uploads\/2022\/03\/faktury2021.zip\" target=\"_blank\" rel=\"noopener\"><img loading=\"lazy\" class=\"alignnone wp-image-589 size-full\" src=\"https:\/\/muap.sk\/wp-content\/uploads\/2019\/05\/zip.png\" alt=\"\" width=\"40\" height=\"40\" \/><\/a> ZIP, 3108kB<br \/>\n<\/strong><\/p>\n<hr \/>\n<h3>Objedn\u00e1vky 2021<\/h3>\n<p><strong>01-12\/2021 <a href=\"https:\/\/muap.sk\/wp-content\/uploads\/2022\/03\/objednavky2021.zip\" target=\"_blank\" rel=\"noopener\">Objedn\u00e1vky 2021<\/a> <a href=\"https:\/\/muap.sk\/wp-content\/uploads\/2022\/03\/objednavky2021.zip\" target=\"_blank\" rel=\"noopener\"><img loading=\"lazy\" class=\"alignnone wp-image-589 size-full\" src=\"https:\/\/muap.sk\/wp-content\/uploads\/2019\/05\/zip.png\" alt=\"\" width=\"40\" height=\"40\" \/><\/a> ZIP, 1574kB<br \/>\n<\/strong><\/p>\n<hr \/>\n<h3>Fakt\u00fary 2020<\/h3>\n<p><strong>01-12\/2020 <a href=\"https:\/\/muap.sk\/wp-content\/uploads\/2021\/02\/faktury2020.zip\" target=\"_blank\" rel=\"noopener\">Fakt\u00fary 2020<\/a> <a href=\"https:\/\/muap.sk\/wp-content\/uploads\/2021\/02\/faktury2020.zip\" target=\"_blank\" rel=\"noopener\"><img loading=\"lazy\" class=\"alignnone wp-image-589 size-full\" src=\"https:\/\/muap.sk\/wp-content\/uploads\/2019\/05\/zip.png\" alt=\"\" width=\"40\" height=\"40\" \/><\/a> ZIP, 852kB<br \/>\n<\/strong><\/p>\n<hr \/>\n<h3>Objedn\u00e1vky 2020<\/h3>\n<p><strong>01-12\/2020 <a href=\"https:\/\/muap.sk\/wp-content\/uploads\/2021\/02\/objednavky2020.zip\" target=\"_blank\" rel=\"noopener\">Objedn\u00e1vky 2020<\/a> <a href=\"https:\/\/muap.sk\/wp-content\/uploads\/2021\/02\/objednavky2020.zip\" target=\"_blank\" rel=\"noopener\"><img loading=\"lazy\" class=\"alignnone wp-image-589 size-full\" src=\"https:\/\/muap.sk\/wp-content\/uploads\/2019\/05\/zip.png\" alt=\"\" width=\"40\" height=\"40\" \/><\/a> ZIP, 390kB<br \/>\n<\/strong><\/p>\n<hr \/>\n<h3>Fakt\u00fary 2019<\/h3>\n<p><strong>01-12\/2019 <a href=\"https:\/\/muap.sk\/wp-content\/uploads\/2020\/03\/faktury2019.zip\" target=\"_blank\" rel=\"noopener\">Fakt\u00fary 2019<\/a> <a href=\"https:\/\/muap.sk\/wp-content\/uploads\/2020\/03\/faktury2019.zip\" target=\"_blank\" rel=\"noopener\"><img loading=\"lazy\" class=\"alignnone wp-image-589 size-full\" src=\"https:\/\/muap.sk\/wp-content\/uploads\/2019\/05\/zip.png\" alt=\"\" width=\"40\" height=\"40\" \/><\/a> ZIP, 3 994kB<br \/>\n<\/strong><\/p>\n<hr \/>\n<h3>Objedn\u00e1vky 2019<\/h3>\n<p><strong>01-12\/2019 <a href=\"https:\/\/muap.sk\/wp-content\/uploads\/2020\/03\/objednavky2019.zip\" target=\"_blank\" rel=\"noopener\">Objedn\u00e1vky 2019<\/a> <a href=\"https:\/\/muap.sk\/wp-content\/uploads\/2020\/03\/objednavky2019.zip\" target=\"_blank\" rel=\"noopener\"><img loading=\"lazy\" class=\"alignnone wp-image-589 size-full\" src=\"https:\/\/muap.sk\/wp-content\/uploads\/2019\/05\/zip.png\" alt=\"\" width=\"40\" height=\"40\" \/><\/a> ZIP, 1 848kB<br \/>\n<\/strong><\/p>\n<hr \/>\n<h3>Fakt\u00fary 2018<\/h3>\n<p><strong>01-12\/2018\u00a0\u00a0\u00a0\u00a0\u00a0\u00a0\u00a0\u00a0<a href=\"\/\/muap.sk\/pdf\/faktury\/faktury2018.zip\" target=\"_blank\" rel=\"noopener\">Fakt\u00fary 2018<\/a>\u00a0\u00a0\u00a0\u00a0\u00a0 \u00a0<a href=\"https:\/\/muap.sk\/pdf\/faktury\/faktury2018.zip\" target=\"_blank\" rel=\"noopener\"><img loading=\"lazy\" class=\"alignnone wp-image-589 size-full\" src=\"https:\/\/muap.sk\/wp-content\/uploads\/2019\/05\/zip.png\" alt=\"\" width=\"40\" height=\"40\" \/><\/a>\u00a0\u00a0\u00a0 ZIP, 910kB<br \/>\n<\/strong><\/p>\n<hr \/>\n<h3>Fakt\u00fary 2017<\/h3>\n<p><strong>01-12\/2017 \u00a0\u00a0\u00a0\u00a0\u00a0\u00a0 <a href=\"https:\/\/muap.sk\/pdf\/faktury\/faktury2017.zip\" target=\"_blank\" rel=\"noopener\">Fakt\u00fary 2017<\/a>\u00a0\u00a0\u00a0\u00a0\u00a0 \u00a0<a href=\"https:\/\/muap.sk\/pdf\/faktury\/faktury2017.zip\" target=\"_blank\" rel=\"noopener\"><img loading=\"lazy\" class=\"alignnone wp-image-589 size-full\" src=\"https:\/\/muap.sk\/wp-content\/uploads\/2019\/05\/zip.png\" alt=\"\" width=\"40\" height=\"40\" \/><\/a>\u00a0\u00a0\u00a0 ZIP, 1,28 MB<br \/>\n<\/strong><\/p>\n<hr \/>\n<h3>Fakt\u00fary 2016<\/h3>\n<p><strong>01-12\/2016 \u00a0\u00a0\u00a0\u00a0\u00a0\u00a0 <a href=\"https:\/\/muap.sk\/pdf\/faktury\/faktury2016.zip\" target=\"_blank\" rel=\"noopener\">Fakt\u00fary 2016<\/a>\u00a0\u00a0\u00a0\u00a0\u00a0 \u00a0<a href=\"https:\/\/muap.sk\/pdf\/faktury\/faktury2016.zip\" target=\"_blank\" rel=\"noopener\"><img loading=\"lazy\" class=\"alignnone wp-image-589 size-full\" src=\"https:\/\/muap.sk\/wp-content\/uploads\/2019\/05\/zip.png\" alt=\"\" width=\"40\" height=\"40\" \/><\/a>\u00a0\u00a0\u00a0 ZIP, 1,28 MB<\/strong><\/p>\n<hr \/>\n<h3>Fakt\u00fary 2015<\/h3>\n<p><strong>01-12\/2015 \u00a0\u00a0\u00a0\u00a0\u00a0\u00a0 <a href=\"https:\/\/muap.sk\/pdf\/faktury\/faktury2015.zip\" target=\"_blank\" rel=\"noopener\">Fakt\u00fary 2015<\/a>\u00a0\u00a0\u00a0\u00a0\u00a0 \u00a0<a href=\"https:\/\/muap.sk\/pdf\/faktury\/faktury2015.zip\" target=\"_blank\" rel=\"noopener\"><img loading=\"lazy\" class=\"alignnone wp-image-589 size-full\" src=\"https:\/\/muap.sk\/wp-content\/uploads\/2019\/05\/zip.png\" alt=\"\" width=\"40\" height=\"40\" \/><\/a>\u00a0\u00a0\u00a0 ZIP, 1,87 MB<\/strong><\/p>\n<hr \/>\n<h3>Fakt\u00fary 2014<\/h3>\n<p><strong>01-12\/2014 \u00a0\u00a0\u00a0\u00a0\u00a0\u00a0 <a href=\"http:\/\/muap.sk\/pdf\/faktury\/faktury2014.zip\" target=\"_blank\" rel=\"noopener\">Fakt\u00fary 2014<\/a>\u00a0\u00a0\u00a0\u00a0\u00a0 \u00a0<a href=\"https:\/\/muap.sk\/pdf\/faktury\/faktury2014.zip\" target=\"_blank\" rel=\"noopener\"><img loading=\"lazy\" class=\"alignnone wp-image-589 size-full\" src=\"https:\/\/muap.sk\/wp-content\/uploads\/2019\/05\/zip.png\" alt=\"\" width=\"40\" height=\"40\" \/><\/a>\u00a0\u00a0\u00a0 ZIP, 132 MB<\/strong><\/p>\n<hr \/>\n<h3>Fakt\u00fary 2013<\/h3>\n<p><strong>01-12\/2013 \u00a0\u00a0\u00a0\u00a0\u00a0\u00a0 <a href=\"https:\/\/muap.sk\/pdf\/faktury\/faktury2013.zip\" target=\"_blank\" rel=\"noopener\">Fakt\u00fary 2013<\/a>\u00a0\u00a0\u00a0\u00a0\u00a0 \u00a0<a href=\"https:\/\/muap.sk\/pdf\/faktury\/faktury2013.zip\" target=\"_blank\" rel=\"noopener\"><img loading=\"lazy\" class=\"alignnone wp-image-589 size-full\" src=\"https:\/\/muap.sk\/wp-content\/uploads\/2019\/05\/zip.png\" alt=\"\" width=\"40\" height=\"40\" \/><\/a>\u00a0\u00a0\u00a0 ZIP, 262 MB<\/strong><\/p>\n<hr \/>\n<h3>Fakt\u00fary 2012<\/h3>\n<p><strong>01-12\/2012 \u00a0\u00a0\u00a0\u00a0\u00a0\u00a0 <a href=\"https:\/\/muap.sk\/pdf\/faktury\/faktury2012.zip\" target=\"_blank\" rel=\"noopener\">Fakt\u00fary 2012<\/a>\u00a0\u00a0\u00a0\u00a0\u00a0 \u00a0<a href=\"https:\/\/muap.sk\/pdf\/faktury\/faktury2012.zip\" target=\"_blank\" rel=\"noopener\"><img loading=\"lazy\" class=\"alignnone wp-image-589 size-full\" src=\"https:\/\/muap.sk\/wp-content\/uploads\/2019\/05\/zip.png\" alt=\"\" width=\"40\" height=\"40\" \/><\/a>\u00a0\u00a0\u00a0 ZIP, 84 MB<\/strong><\/p>\n<hr \/>\n<h3>Objedn\u00e1vky 2012<\/h3>\n<p><strong>01-12\/2012 \u00a0\u00a0\u00a0\u00a0\u00a0\u00a0 <a href=\"https:\/\/muap.sk\/pdf\/objednavky\/objednavky2012.zip\" target=\"_blank\" rel=\"noopener\">Objedn\u00e1vky 2012<\/a>\u00a0\u00a0\u00a0\u00a0\u00a0 \u00a0<a href=\"https:\/\/muap.sk\/pdf\/objednavky\/objednavky2012.zip\" target=\"_blank\" rel=\"noopener\"><img loading=\"lazy\" class=\"alignnone wp-image-589 size-full\" src=\"https:\/\/muap.sk\/wp-content\/uploads\/2019\/05\/zip.png\" alt=\"\" width=\"40\" height=\"40\" \/><\/a>\u00a0\u00a0\u00a0 ZIP, 1,8 MB<\/strong><\/p>\n<hr \/>\n<h3>Fakt\u00fary 2011<\/h3>\n<p><strong>01-12\/2011 \u00a0\u00a0\u00a0\u00a0\u00a0\u00a0 <a href=\"https:\/\/muap.sk\/pdf\/faktury\/faktury2011.zip\" target=\"_blank\" rel=\"noopener\">Fakt\u00fary 2011<\/a>\u00a0\u00a0\u00a0\u00a0\u00a0 \u00a0<a href=\"https:\/\/muap.sk\/pdf\/faktury\/faktury2011.zip\" target=\"_blank\" rel=\"noopener\"><img loading=\"lazy\" class=\"alignnone wp-image-589 size-full\" src=\"https:\/\/muap.sk\/wp-content\/uploads\/2019\/05\/zip.png\" alt=\"\" width=\"40\" height=\"40\" \/><\/a>\u00a0\u00a0\u00a0 ZIP, 161 MB<\/strong><\/p>\n<hr \/>\n<h3>Objedn\u00e1vky 2011<\/h3>\n<p><strong>01-12\/2011 \u00a0\u00a0\u00a0\u00a0\u00a0 <a href=\"https:\/\/muap.sk\/pdf\/objednavky\/objednavky2011.zip\" target=\"_blank\" rel=\"noopener\">Objedn\u00e1vky 2011<\/a>\u00a0\u00a0\u00a0\u00a0\u00a0 \u00a0<a href=\"https:\/\/muap.sk\/pdf\/objednavky\/\/objednavky2011.zip\" target=\"_blank\" rel=\"noopener\"><img loading=\"lazy\" class=\"alignnone wp-image-589 size-full\" src=\"https:\/\/muap.sk\/wp-content\/uploads\/2019\/05\/zip.png\" alt=\"\" width=\"40\" height=\"40\" \/><\/a>\u00a0\u00a0\u00a0 ZIP, 1,69 MB<\/strong><\/p>\n","protected":false},"excerpt":{"rendered":"<p>Fakt\u00fary 2026 Objedn\u00e1vky 2026 &nbsp; ARCH\u00cdV Fakt\u00fary 2025 01-12\/2025 Fakt\u00fary 2025 ZIP, 9818kB Objedn\u00e1vky 2025 01-12\/2025 Objedn\u00e1vky 2025 ZIP, 4796kB [&hellip;]<\/p>\n","protected":false},"author":1,"featured_media":0,"parent":356,"menu_order":0,"comment_status":"closed","ping_status":"closed","template":"page-templates\/full-width.php","meta":[],"_links":{"self":[{"href":"https:\/\/muap.sk\/index.php\/wp-json\/wp\/v2\/pages\/434"}],"collection":[{"href":"https:\/\/muap.sk\/index.php\/wp-json\/wp\/v2\/pages"}],"about":[{"href":"https:\/\/muap.sk\/index.php\/wp-json\/wp\/v2\/types\/page"}],"author":[{"embeddable":true,"href":"https:\/\/muap.sk\/index.php\/wp-json\/wp\/v2\/users\/1"}],"replies":[{"embeddable":true,"href":"https:\/\/muap.sk\/index.php\/wp-json\/wp\/v2\/comments?post=434"}],"version-history":[{"count":39,"href":"https:\/\/muap.sk\/index.php\/wp-json\/wp\/v2\/pages\/434\/revisions"}],"predecessor-version":[{"id":4643,"href":"https:\/\/muap.sk\/index.php\/wp-json\/wp\/v2\/pages\/434\/revisions\/4643"}],"up":[{"embeddable":true,"href":"https:\/\/muap.sk\/index.php\/wp-json\/wp\/v2\/pages\/356"}],"wp:attachment":[{"href":"https:\/\/muap.sk\/index.php\/wp-json\/wp\/v2\/media?parent=434"}],"curies":[{"name":"wp","href":"https:\/\/api.w.org\/{rel}","templated":true}]}}