{"id":436,"date":"2019-05-11T09:48:11","date_gmt":"2019-05-11T07:48:11","guid":{"rendered":"http:\/\/muap.sk\/?page_id=436"},"modified":"2024-10-30T13:05:05","modified_gmt":"2024-10-30T12:05:05","slug":"profil-verejneho-obstaravatela","status":"publish","type":"page","link":"https:\/\/muap.sk\/index.php\/verejne-informacie\/profil-verejneho-obstaravatela\/","title":{"rendered":"Profil verejn\u00e9ho obstar\u00e1vate\u013ea"},"content":{"rendered":"<h2>Profil verejn\u00e9ho obstar\u00e1vate\u013ea<\/h2>\n<p>Mestsk\u00e1 umeleck\u00e1 agent\u00fara je pod\u013ea \u00a7 6 ods. 1 p\u00edsm. b) z\u00e1kona \u010d. 25\/2006 Z.z. o verejnom obstar\u00e1van\u00ed a o zmene a doplnen\u00ed neskor\u0161\u00edch predpisov verejn\u00fdm obstar\u00e1vate\u013eom a pri zad\u00e1van\u00ed z\u00e1kaziek na dodanie tovarov, uskuto\u010dnenie stavebn\u00fdch pr\u00e1c a poskytovanie slu\u017eieb je povinn\u00e9 pou\u017e\u00edva\u0165 postupy pod\u013ea tohto z\u00e1kona.<\/p>\n<p><strong>Verejn\u00fd obstar\u00e1vate\u013e:<\/strong> Mestsk\u00e1 umeleck\u00e1 agent\u00fara<br \/>\n<strong>S\u00eddlo:<\/strong> Makarenkova 214\/2, 95801 Partiz\u00e1nske<br \/>\n<strong>\u0160tatut\u00e1rny z\u00e1stupca:<\/strong> Mgr. Martina Babo\u013eov\u00e1<\/p>\n<hr \/>\n<p><strong>E-mail:<\/strong> <a href=\"mailto:babolova@muap.sk\">babolova@muap.sk<\/a><br \/>\n<strong>Telef\u00f3n:<\/strong> +421 38 7493020<br \/>\n<strong>Bankov\u00e9 spojenie:<\/strong> V\u0161eobecn\u00e1 \u00faverov\u00e1 banka, a.s.<br \/>\n<strong>\u010c\u00edslo \u00fa\u010dtu:<\/strong> 2819445357\/0200<br \/>\n<strong>I\u010cO:<\/strong> 421 49 835 <strong>DI\u010c:<\/strong> 202 313 2672<br \/>\n<strong>I\u010c DPH:<\/strong> nie je platite\u013eom DPH<\/p>\n<hr \/>\n<p>Zad\u00e1vanie z\u00e1kaziek zabezpe\u010duje Mestsk\u00e1 umeleck\u00e1 agent\u00fara Partiz\u00e1nske prostredn\u00edctvom zamestnancov zodpovedn\u00fdch za obstaranie. Verejn\u00e9 obstar\u00e1vanie sa vykon\u00e1va v s\u00falade so Smernicou upravuj\u00facou jednotn\u00fd postup pri verejnom obstar\u00e1van\u00ed z\u00e1kaziek na dodanie tovarov, tovarov ktor\u00fdmi s\u00fa potraviny, na uskuto\u010dnenie stavebn\u00fdch pr\u00e1c a poskytovanie slu\u017eieb. Vo verejnom obstar\u00e1van\u00ed s\u00fa vyu\u017e\u00edvan\u00e9 aj elektronick\u00e9 aukcie.<\/p>\n<p><strong>Pod\u013ea \u00a7 4 z\u00e1kona o verejnom obstar\u00e1van\u00ed pod\u013ea finan\u010dn\u00fdch limitov s\u00fa:<\/strong><br \/>\n1. Z\u00e1kazky nadlimitn\u00e9, zverej\u0148ovan\u00e9 v \u00daradnom vestn\u00edku Eur\u00f3pskej \u00fanie, ktor\u00fd je dostupn\u00fd online<br \/>\nna webovej str\u00e1nske www.simap.eu.int, vo Vestn\u00edku verejn\u00e9ho obstar\u00e1vania, ktor\u00fd je dostupn\u00fd aj<br \/>\nonline na webovej str\u00e1nke \u00daradu pre verejn\u00e9 obstar\u00e1vanie v sekcii Vestn\u00edk \u2013 www.uvo.gov.sk a<br \/>\nvo svojom profile na svojej webovej str\u00e1nke.<br \/>\n2. Z\u00e1kazky podlimitn\u00e9, zverej\u0148ovan\u00e9 vo Vestn\u00edku verejn\u00e9ho obstar\u00e1vania, ktor\u00fd je dostupn\u00fd aj online na<br \/>\nwebovej str\u00e1nke \u00daradu pre verejn\u00e9 obstar\u00e1vanie v sekcii Vestn\u00edk \u2013 www.uvo.gov.sk a vo svojom<br \/>\nprofile na webovej str\u00e1nke.<br \/>\n3. Z\u00e1kazky pod\u013ea \u00a7 9 ods. 9, zverej\u0148ovan\u00e9 vo svojom profile na svojej webovej str\u00e1nke.<br \/>\n<strong>Pod\u013ea \u00a7 24 z\u00e1kona o verejnom obstar\u00e1van\u00ed verejn\u00fd obstar\u00e1vate\u013e pou\u017e\u00edva postupy vo verejnom obstar\u00e1van\u00ed:<\/strong><\/p>\n<ol>\n<li>Verejn\u00e1 s\u00fa\u0165a\u017e (VS)<\/li>\n<li>U\u017e\u0161ia s\u00fa\u0165a\u017e (U)<\/li>\n<li>Rokovacie konanie (RK)<\/li>\n<li>S\u00fa\u0165a\u017en\u00fd dial\u00f3g (SD)<\/li>\n<\/ol>\n<hr \/>\n<h3>Rok 2024<\/h3>\n<p><a href=\"https:\/\/muap.sk\/index.php\/verejne-informacie\/profil-verejneho-obstaravatela\/zakazka-2024\/\" rel=\"noopener\">Z\u00e1kazky pod\u013ea \u00a7 117 \u2013 Podlimitn\u00e9 z\u00e1kazky bez vyu\u017eitia elektronick\u00e9ho trhoviska (1)<\/a><br \/>\nDetail Podlimitn\u00e9 z\u00e1kazky bez vyu\u017eitia elektronick\u00e9ho trhoviska (0)<br \/>\nDetail Podlimitn\u00e9 z\u00e1kazky s vyu\u017eit\u00edm elektronick\u00e9ho trhoviska (0)<br \/>\nDetail Nadlimitn\u00e9 z\u00e1kazky (0)<br \/>\nDetail ELEKTRONICK\u00c9 PRIESKUMY A AUKCIE (0)<\/p>\n<hr \/>\n<h3>Rok 2023<\/h3>\n<p><a href=\"https:\/\/muap.sk\/index.php\/verejne-informacie\/profil-verejneho-obstaravatela\/zakazka-2023\/\" rel=\"noopener\">Z\u00e1kazky pod\u013ea \u00a7 117 \u2013 Podlimitn\u00e9 z\u00e1kazky bez vyu\u017eitia elektronick\u00e9ho trhoviska (3)<\/a><br \/>\nDetail Podlimitn\u00e9 z\u00e1kazky bez vyu\u017eitia elektronick\u00e9ho trhoviska (0)<br \/>\nDetail Podlimitn\u00e9 z\u00e1kazky s vyu\u017eit\u00edm elektronick\u00e9ho trhoviska (0)<br \/>\nDetail Nadlimitn\u00e9 z\u00e1kazky (0)<br \/>\nDetail ELEKTRONICK\u00c9 PRIESKUMY A AUKCIE (0)<\/p>\n<hr \/>\n<h3>Rok 2021<\/h3>\n<p><a href=\"https:\/\/muap.sk\/index.php\/verejne-informacie\/profil-verejneho-obstaravatela\/zakazka-2021\/\" rel=\"noopener\">Z\u00e1kazky pod\u013ea \u00a7 117 \u2013 Podlimitn\u00e9 z\u00e1kazky bez vyu\u017eitia elektronick\u00e9ho trhoviska (3)<\/a><br \/>\nDetail Podlimitn\u00e9 z\u00e1kazky bez vyu\u017eitia elektronick\u00e9ho trhoviska (0)<br \/>\nDetail Podlimitn\u00e9 z\u00e1kazky s vyu\u017eit\u00edm elektronick\u00e9ho trhoviska (0)<br \/>\nDetail Nadlimitn\u00e9 z\u00e1kazky (0)<br \/>\nDetail ELEKTRONICK\u00c9 PRIESKUMY A AUKCIE (0)<\/p>\n<hr \/>\n<h3>Rok 2020<\/h3>\n<p><a href=\"https:\/\/muap.sk\/index.php\/verejne-informacie\/profil-verejneho-obstaravatela\/zakazka-2020\/\" rel=\"noopener\">Z\u00e1kazky pod\u013ea \u00a7 117 \u2013 Podlimitn\u00e9 z\u00e1kazky bez vyu\u017eitia elektronick\u00e9ho trhoviska (3)<\/a><br \/>\nDetail Podlimitn\u00e9 z\u00e1kazky bez vyu\u017eitia elektronick\u00e9ho trhoviska (0)<br \/>\nDetail Podlimitn\u00e9 z\u00e1kazky s vyu\u017eit\u00edm elektronick\u00e9ho trhoviska (0)<br \/>\nDetail Nadlimitn\u00e9 z\u00e1kazky (0)<br \/>\nDetail ELEKTRONICK\u00c9 PRIESKUMY A AUKCIE (0)<\/p>\n<hr \/>\n<h3>Rok 2019<\/h3>\n<p><a href=\"https:\/\/muap.sk\/index.php\/verejne-informacie\/profil-verejneho-obstaravatela\/zakazka-2019\/\" rel=\"noopener\">Z\u00e1kazky pod\u013ea \u00a7 117 \u2013 Podlimitn\u00e9 z\u00e1kazky bez vyu\u017eitia elektronick\u00e9ho trhoviska (3)<\/a><br \/>\nDetail Podlimitn\u00e9 z\u00e1kazky bez vyu\u017eitia elektronick\u00e9ho trhoviska (0)<br \/>\nDetail Podlimitn\u00e9 z\u00e1kazky s vyu\u017eit\u00edm elektronick\u00e9ho trhoviska (0)<br \/>\nDetail Nadlimitn\u00e9 z\u00e1kazky (0)<br \/>\nDetail ELEKTRONICK\u00c9 PRIESKUMY A AUKCIE (0)<\/p>\n<hr \/>\n<h3>Rok 2018<\/h3>\n<p><a href=\"https:\/\/muap.sk\/index.php\/verejne-informacie\/profil-verejneho-obstaravatela\/zakazka-2018\/\" rel=\"noopener\">Z\u00e1kazky pod\u013ea \u00a7 117 \u2013 Podlimitn\u00e9 z\u00e1kazky bez vyu\u017eitia elektronick\u00e9ho trhoviska (1)<\/a><br \/>\nDetail Podlimitn\u00e9 z\u00e1kazky bez vyu\u017eitia elektronick\u00e9ho trhoviska (0)<br \/>\nDetail Podlimitn\u00e9 z\u00e1kazky s vyu\u017eit\u00edm elektronick\u00e9ho trhoviska (0)<br \/>\nDetail Nadlimitn\u00e9 z\u00e1kazky (0)<br \/>\nDetail ELEKTRONICK\u00c9 PRIESKUMY A AUKCIE (0)<\/p>\n<hr \/>\n<h3>Rok 2017<\/h3>\n<p><a href=\"https:\/\/muap.sk\/index.php\/verejne-informacie\/profil-verejneho-obstaravatela\/zakazka-2017\/\" rel=\"noopener\">Z\u00e1kazky pod\u013ea \u00a7 117 \u2013 Podlimitn\u00e9 z\u00e1kazky bez vyu\u017eitia elektronick\u00e9ho trhoviska (2)<\/a><br \/>\nDetail Podlimitn\u00e9 z\u00e1kazky bez vyu\u017eitia elektronick\u00e9ho trhoviska (0)<br \/>\nDetail Podlimitn\u00e9 z\u00e1kazky s vyu\u017eit\u00edm elektronick\u00e9ho trhoviska (0)<br \/>\nDetail Nadlimitn\u00e9 z\u00e1kazky (0)<br \/>\nDetail ELEKTRONICK\u00c9 PRIESKUMY A AUKCIE (0)<\/p>\n<hr \/>\n<h3>Rok 2016<\/h3>\n<p><a href=\"https:\/\/muap.sk\/index.php\/verejne-informacie\/profil-verejneho-obstaravatela\/665-2\/\" rel=\"noopener\">Z\u00e1kazky pod\u013ea \u00a7 117 (2)<\/a><br \/>\nDetail Podlimitn\u00e9 z\u00e1kazky bez vyu\u017eitia elektronick\u00e9ho trhoviska (0)<br \/>\nDetail Podlimitn\u00e9 z\u00e1kazky s vyu\u017eit\u00edm elektronick\u00e9ho trhoviska (0)<br \/>\nDetail Nadlimitn\u00e9 z\u00e1kazky (0)<br \/>\nDetail ELEKTRONICK\u00c9 PRIESKUMY A AUKCIE (0)<\/p>\n<hr \/>\n<h3>Arch\u00edv rok 2015<\/h3>\n<p><a href=\"https:\/\/muap.sk\/index.php\/verejne-informacie\/profil-verejneho-obstaravatela\/zakazka-2015\/\" rel=\"noopener\">Z\u00e1kazky pod\u013ea \u00a7 9, ods. 9 (2)<\/a><br \/>\nDetail Podlimitn\u00e9 z\u00e1kazky bez vyu\u017eitia elektronick\u00e9ho trhoviska (0)<br \/>\nDetail Podlimitn\u00e9 z\u00e1kazky s vyu\u017eit\u00edm elektronick\u00e9ho trhoviska (0)<br \/>\nDetail Nadlimitn\u00e9 z\u00e1kazky (0)<br \/>\nDetail ELEKTRONICK\u00c9 PRIESKUMY A AUKCIE (0)<\/p>\n<hr \/>\n<h3>Arch\u00edv rok 2014<\/h3>\n<p><a href=\"https:\/\/muap.sk\/index.php\/verejne-informacie\/profil-verejneho-obstaravatela\/zakazka-2014\/\" rel=\"noopener\">Z\u00e1kazky pod\u013ea \u00a7 9, ods. 9 (4)<\/a><br \/>\n<a href=\"https:\/\/muap.sk\/wp-content\/uploads\/2019\/05\/1_2014.pdf\" target=\"_blank\" rel=\"noopener\">Detail Podlimitn\u00e9 z\u00e1kazky bez vyu\u017eitia elektronick\u00e9ho trhoviska (1)<\/a><br \/>\nDetail Podlimitn\u00e9 z\u00e1kazky s vyu\u017eit\u00edm elektronick\u00e9ho trhoviska (0)<br \/>\nDetail Nadlimitn\u00e9 z\u00e1kazky (0)<br \/>\nDetail ELEKTRONICK\u00c9 PRIESKUMY A AUKCIE (0)<\/p>\n","protected":false},"excerpt":{"rendered":"<p>Profil verejn\u00e9ho obstar\u00e1vate\u013ea Mestsk\u00e1 umeleck\u00e1 agent\u00fara je pod\u013ea \u00a7 6 ods. 1 p\u00edsm. b) z\u00e1kona \u010d. 25\/2006 Z.z. o verejnom [&hellip;]<\/p>\n","protected":false},"author":1,"featured_media":0,"parent":356,"menu_order":0,"comment_status":"closed","ping_status":"closed","template":"page-templates\/full-width.php","meta":[],"_links":{"self":[{"href":"https:\/\/muap.sk\/index.php\/wp-json\/wp\/v2\/pages\/436"}],"collection":[{"href":"https:\/\/muap.sk\/index.php\/wp-json\/wp\/v2\/pages"}],"about":[{"href":"https:\/\/muap.sk\/index.php\/wp-json\/wp\/v2\/types\/page"}],"author":[{"embeddable":true,"href":"https:\/\/muap.sk\/index.php\/wp-json\/wp\/v2\/users\/1"}],"replies":[{"embeddable":true,"href":"https:\/\/muap.sk\/index.php\/wp-json\/wp\/v2\/comments?post=436"}],"version-history":[{"count":23,"href":"https:\/\/muap.sk\/index.php\/wp-json\/wp\/v2\/pages\/436\/revisions"}],"predecessor-version":[{"id":3973,"href":"https:\/\/muap.sk\/index.php\/wp-json\/wp\/v2\/pages\/436\/revisions\/3973"}],"up":[{"embeddable":true,"href":"https:\/\/muap.sk\/index.php\/wp-json\/wp\/v2\/pages\/356"}],"wp:attachment":[{"href":"https:\/\/muap.sk\/index.php\/wp-json\/wp\/v2\/media?parent=436"}],"curies":[{"name":"wp","href":"https:\/\/api.w.org\/{rel}","templated":true}]}}