{"id":443,"date":"2019-05-11T09:49:48","date_gmt":"2019-05-11T07:49:48","guid":{"rendered":"http:\/\/muap.sk\/?page_id=443"},"modified":"2019-05-14T14:29:18","modified_gmt":"2019-05-14T12:29:18","slug":"zodpovedna-osoba-pre-ucely-ochrany-osobnych-udajov","status":"publish","type":"page","link":"https:\/\/muap.sk\/index.php\/verejne-informacie\/zodpovedna-osoba-pre-ucely-ochrany-osobnych-udajov\/","title":{"rendered":"Zodpovedn\u00e1 osoba pre \u00fa\u010dely ochrany osobn\u00fdch \u00fadajov"},"content":{"rendered":"<p><strong>Mestsk\u00e1 umeleck\u00e1 agent\u00fara Partiz\u00e1nske<\/strong> pod\u013ea \u00a7 44 ods. 8 z\u00e1kona \u010d. 18\/2018 Z. z. o ochrane osobn\u00fdch \u00fadajov zverej\u0148uje kontaktn\u00e9 \u00fadaje zodpovednej osoby pre \u00fa\u010dely ochrany osobn\u00fdch \u00fadajov, pou\u017eite\u013en\u00e9 pre rie\u0161enie podnetov od dotknut\u00fdch os\u00f4b:<\/p>\n<p style=\"text-align: left;\"><strong>tel. \u010d.:<\/strong> 00421 48 4146759<br \/>\n<strong>e-mail:<\/strong> <a href=\"mailto:zodpovednaosoba@somi.sk\">zodpovednaosoba@somi.sk<\/a><br \/>\n<strong>web:<\/strong> <a href=\"http:\/\/gdpr.somi.sk\/firma\/index.php?id=277\" target=\"_blank\" rel=\"noopener\">gdpr.somi.sk\/firma\/index.php?id=277<\/a><\/p>\n<p>Pod\u013ea \u00a7 45 ods. 4 z\u00e1kona dotknut\u00e1 osoba m\u00f4\u017ee kontaktova\u0165 zodpovedn\u00fa osobu s ot\u00e1zkami, t\u00fdkaj\u00facimi sa sprac\u00favania jej osobn\u00fdch \u00fadajov a uplat\u0148ovania jej pr\u00e1v pod\u013ea tohto z\u00e1kona.<\/p>\n","protected":false},"excerpt":{"rendered":"<p>Mestsk\u00e1 umeleck\u00e1 agent\u00fara Partiz\u00e1nske pod\u013ea \u00a7 44 ods. 8 z\u00e1kona \u010d. 18\/2018 Z. z. o ochrane osobn\u00fdch \u00fadajov zverej\u0148uje kontaktn\u00e9 [&hellip;]<\/p>\n","protected":false},"author":1,"featured_media":0,"parent":356,"menu_order":0,"comment_status":"closed","ping_status":"closed","template":"page-templates\/full-width.php","meta":[],"_links":{"self":[{"href":"https:\/\/muap.sk\/index.php\/wp-json\/wp\/v2\/pages\/443"}],"collection":[{"href":"https:\/\/muap.sk\/index.php\/wp-json\/wp\/v2\/pages"}],"about":[{"href":"https:\/\/muap.sk\/index.php\/wp-json\/wp\/v2\/types\/page"}],"author":[{"embeddable":true,"href":"https:\/\/muap.sk\/index.php\/wp-json\/wp\/v2\/users\/1"}],"replies":[{"embeddable":true,"href":"https:\/\/muap.sk\/index.php\/wp-json\/wp\/v2\/comments?post=443"}],"version-history":[{"count":4,"href":"https:\/\/muap.sk\/index.php\/wp-json\/wp\/v2\/pages\/443\/revisions"}],"predecessor-version":[{"id":592,"href":"https:\/\/muap.sk\/index.php\/wp-json\/wp\/v2\/pages\/443\/revisions\/592"}],"up":[{"embeddable":true,"href":"https:\/\/muap.sk\/index.php\/wp-json\/wp\/v2\/pages\/356"}],"wp:attachment":[{"href":"https:\/\/muap.sk\/index.php\/wp-json\/wp\/v2\/media?parent=443"}],"curies":[{"name":"wp","href":"https:\/\/api.w.org\/{rel}","templated":true}]}}