{"id":494,"date":"2019-05-12T15:31:29","date_gmt":"2019-05-12T13:31:29","guid":{"rendered":"http:\/\/muap.sk\/?page_id=494"},"modified":"2019-05-29T18:12:21","modified_gmt":"2019-05-29T16:12:21","slug":"aktualny-program","status":"publish","type":"page","link":"https:\/\/muap.sk\/index.php\/aktualny-program\/","title":{"rendered":"Aktu\u00e1lny program"},"content":{"rendered":"<div id=\"pl-494\"  class=\"panel-layout\" ><div id=\"pg-494-0\"  class=\"panel-grid panel-no-style\" ><div id=\"pgc-494-0-0\"  class=\"panel-grid-cell\" ><div id=\"panel-494-0-0-0\" class=\"so-panel widget widget_themegrill_flash_portfolio tg-section feature-product-section panel-first-child panel-last-child\" data-index=\"0\" ><div class=\"tg-feature-product-layout-1 tg-feature-product-filter-layout\"><div class=\"tg-container\"><div class=\"grid\"><div class=\"tg-column-wrapper\"><div class=\"tg-feature-product-widget element-item uxdesign tg-column-4 podujatia \" data-category=\"podujatia \"><figure><img width=\"1120\" height=\"1584\" src=\"https:\/\/muap.sk\/wp-content\/uploads\/2026\/03\/Tomas-Bata-2026-narodenie-pl-A3.jpg\" class=\"attachment-full size-full wp-post-image\" alt=\"\" loading=\"lazy\" srcset=\"https:\/\/muap.sk\/wp-content\/uploads\/2026\/03\/Tomas-Bata-2026-narodenie-pl-A3.jpg 1120w, https:\/\/muap.sk\/wp-content\/uploads\/2026\/03\/Tomas-Bata-2026-narodenie-pl-A3-212x300.jpg 212w, https:\/\/muap.sk\/wp-content\/uploads\/2026\/03\/Tomas-Bata-2026-narodenie-pl-A3-724x1024.jpg 724w, https:\/\/muap.sk\/wp-content\/uploads\/2026\/03\/Tomas-Bata-2026-narodenie-pl-A3-768x1086.jpg 768w, https:\/\/muap.sk\/wp-content\/uploads\/2026\/03\/Tomas-Bata-2026-narodenie-pl-A3-1086x1536.jpg 1086w\" sizes=\"(max-width: 1120px) 100vw, 1120px\" \/><\/figure><div class=\"featured-image-desc\"><span><a href=\"https:\/\/muap.sk\/index.php\/portfolio\/tomas-bata\/\"><i class=\"fa fa-plus\"><\/i><\/a><\/span><div class=\"feature-inner-block\"><h3 class=\"feature-title-wrap\"><a href=\"https:\/\/muap.sk\/index.php\/portfolio\/tomas-bata\/\">Tom\u00e1\u0161 Ba\u0165a<\/a><\/h3><h4 class=\"feature-desc-wrap\"><\/h4><\/div><\/div><\/div><div class=\"tg-feature-product-widget element-item uxdesign tg-column-4 podujatia \" data-category=\"podujatia \"><figure><img width=\"1120\" height=\"1584\" src=\"https:\/\/muap.sk\/wp-content\/uploads\/2026\/01\/Poplach-v-hoteli-Westminster-PLA-A3.jpg\" class=\"attachment-full size-full wp-post-image\" alt=\"\" loading=\"lazy\" srcset=\"https:\/\/muap.sk\/wp-content\/uploads\/2026\/01\/Poplach-v-hoteli-Westminster-PLA-A3.jpg 1120w, https:\/\/muap.sk\/wp-content\/uploads\/2026\/01\/Poplach-v-hoteli-Westminster-PLA-A3-212x300.jpg 212w, https:\/\/muap.sk\/wp-content\/uploads\/2026\/01\/Poplach-v-hoteli-Westminster-PLA-A3-724x1024.jpg 724w, https:\/\/muap.sk\/wp-content\/uploads\/2026\/01\/Poplach-v-hoteli-Westminster-PLA-A3-768x1086.jpg 768w, https:\/\/muap.sk\/wp-content\/uploads\/2026\/01\/Poplach-v-hoteli-Westminster-PLA-A3-1086x1536.jpg 1086w\" sizes=\"(max-width: 1120px) 100vw, 1120px\" \/><\/figure><div class=\"featured-image-desc\"><span><a href=\"https:\/\/muap.sk\/index.php\/portfolio\/poplach-v-hoteli-westminster\/\"><i class=\"fa fa-plus\"><\/i><\/a><\/span><div class=\"feature-inner-block\"><h3 class=\"feature-title-wrap\"><a href=\"https:\/\/muap.sk\/index.php\/portfolio\/poplach-v-hoteli-westminster\/\">Poplach v hoteli Westminster<\/a><\/h3><h4 class=\"feature-desc-wrap\"><\/h4><\/div><\/div><\/div><div class=\"tg-feature-product-widget element-item uxdesign tg-column-4 podujatia \" data-category=\"podujatia \"><figure><img width=\"1120\" height=\"1584\" src=\"https:\/\/muap.sk\/wp-content\/uploads\/2026\/04\/Akcia-K-PLA-2026.jpg\" class=\"attachment-full size-full wp-post-image\" alt=\"\" loading=\"lazy\" srcset=\"https:\/\/muap.sk\/wp-content\/uploads\/2026\/04\/Akcia-K-PLA-2026.jpg 1120w, https:\/\/muap.sk\/wp-content\/uploads\/2026\/04\/Akcia-K-PLA-2026-212x300.jpg 212w, https:\/\/muap.sk\/wp-content\/uploads\/2026\/04\/Akcia-K-PLA-2026-724x1024.jpg 724w, https:\/\/muap.sk\/wp-content\/uploads\/2026\/04\/Akcia-K-PLA-2026-768x1086.jpg 768w, https:\/\/muap.sk\/wp-content\/uploads\/2026\/04\/Akcia-K-PLA-2026-1086x1536.jpg 1086w\" sizes=\"(max-width: 1120px) 100vw, 1120px\" \/><\/figure><div class=\"featured-image-desc\"><span><a href=\"https:\/\/muap.sk\/index.php\/portfolio\/akcia-k\/\"><i class=\"fa fa-plus\"><\/i><\/a><\/span><div class=\"feature-inner-block\"><h3 class=\"feature-title-wrap\"><a href=\"https:\/\/muap.sk\/index.php\/portfolio\/akcia-k\/\">Akcia K<\/a><\/h3><h4 class=\"feature-desc-wrap\"><\/h4><\/div><\/div><\/div><div class=\"tg-feature-product-widget element-item uxdesign tg-column-4 podujatia \" data-category=\"podujatia \"><figure><img width=\"1120\" height=\"1584\" src=\"https:\/\/muap.sk\/wp-content\/uploads\/2026\/03\/Vecer-sportovcov-2026-plA3.jpg\" class=\"attachment-full size-full wp-post-image\" alt=\"\" loading=\"lazy\" srcset=\"https:\/\/muap.sk\/wp-content\/uploads\/2026\/03\/Vecer-sportovcov-2026-plA3.jpg 1120w, https:\/\/muap.sk\/wp-content\/uploads\/2026\/03\/Vecer-sportovcov-2026-plA3-212x300.jpg 212w, https:\/\/muap.sk\/wp-content\/uploads\/2026\/03\/Vecer-sportovcov-2026-plA3-724x1024.jpg 724w, https:\/\/muap.sk\/wp-content\/uploads\/2026\/03\/Vecer-sportovcov-2026-plA3-768x1086.jpg 768w, https:\/\/muap.sk\/wp-content\/uploads\/2026\/03\/Vecer-sportovcov-2026-plA3-1086x1536.jpg 1086w\" sizes=\"(max-width: 1120px) 100vw, 1120px\" \/><\/figure><div class=\"featured-image-desc\"><span><a href=\"https:\/\/muap.sk\/index.php\/portfolio\/vecer-sportovcov-2026\/\"><i class=\"fa fa-plus\"><\/i><\/a><\/span><div class=\"feature-inner-block\"><h3 class=\"feature-title-wrap\"><a href=\"https:\/\/muap.sk\/index.php\/portfolio\/vecer-sportovcov-2026\/\">Ve\u010der \u0161portovcov 2026<\/a><\/h3><h4 class=\"feature-desc-wrap\"><\/h4><\/div><\/div><\/div><div class=\"tg-feature-product-widget element-item uxdesign tg-column-4 podujatia \" data-category=\"podujatia \"><figure><img width=\"1120\" height=\"1584\" src=\"https:\/\/muap.sk\/wp-content\/uploads\/2026\/01\/SPIKNUTIE-PLA-A3.jpg\" class=\"attachment-full size-full wp-post-image\" alt=\"\" loading=\"lazy\" srcset=\"https:\/\/muap.sk\/wp-content\/uploads\/2026\/01\/SPIKNUTIE-PLA-A3.jpg 1120w, https:\/\/muap.sk\/wp-content\/uploads\/2026\/01\/SPIKNUTIE-PLA-A3-212x300.jpg 212w, https:\/\/muap.sk\/wp-content\/uploads\/2026\/01\/SPIKNUTIE-PLA-A3-724x1024.jpg 724w, https:\/\/muap.sk\/wp-content\/uploads\/2026\/01\/SPIKNUTIE-PLA-A3-768x1086.jpg 768w, https:\/\/muap.sk\/wp-content\/uploads\/2026\/01\/SPIKNUTIE-PLA-A3-1086x1536.jpg 1086w\" sizes=\"(max-width: 1120px) 100vw, 1120px\" \/><\/figure><div class=\"featured-image-desc\"><span><a href=\"https:\/\/muap.sk\/index.php\/portfolio\/spiknutie\/\"><i class=\"fa fa-plus\"><\/i><\/a><\/span><div class=\"feature-inner-block\"><h3 class=\"feature-title-wrap\"><a href=\"https:\/\/muap.sk\/index.php\/portfolio\/spiknutie\/\">Spiknutie<\/a><\/h3><h4 class=\"feature-desc-wrap\"><\/h4><\/div><\/div><\/div><div class=\"tg-feature-product-widget element-item uxdesign tg-column-4 podujatia \" data-category=\"podujatia \"><figure><img width=\"1120\" height=\"1584\" src=\"https:\/\/muap.sk\/wp-content\/uploads\/2026\/03\/MKF-2026-plA3.jpg\" class=\"attachment-full size-full wp-post-image\" alt=\"\" loading=\"lazy\" srcset=\"https:\/\/muap.sk\/wp-content\/uploads\/2026\/03\/MKF-2026-plA3.jpg 1120w, https:\/\/muap.sk\/wp-content\/uploads\/2026\/03\/MKF-2026-plA3-212x300.jpg 212w, https:\/\/muap.sk\/wp-content\/uploads\/2026\/03\/MKF-2026-plA3-724x1024.jpg 724w, https:\/\/muap.sk\/wp-content\/uploads\/2026\/03\/MKF-2026-plA3-768x1086.jpg 768w, https:\/\/muap.sk\/wp-content\/uploads\/2026\/03\/MKF-2026-plA3-1086x1536.jpg 1086w\" sizes=\"(max-width: 1120px) 100vw, 1120px\" \/><\/figure><div class=\"featured-image-desc\"><span><a href=\"https:\/\/muap.sk\/index.php\/portfolio\/mkf-2026\/\"><i class=\"fa fa-plus\"><\/i><\/a><\/span><div class=\"feature-inner-block\"><h3 class=\"feature-title-wrap\"><a href=\"https:\/\/muap.sk\/index.php\/portfolio\/mkf-2026\/\">MKF 2026<\/a><\/h3><h4 class=\"feature-desc-wrap\"><\/h4><\/div><\/div><\/div><div class=\"tg-feature-product-widget element-item uxdesign tg-column-4 podujatia \" data-category=\"podujatia \"><figure><img width=\"1120\" height=\"1584\" src=\"https:\/\/muap.sk\/wp-content\/uploads\/2026\/03\/smejko-a-tanculienka.jpg\" class=\"attachment-full size-full wp-post-image\" alt=\"\" loading=\"lazy\" srcset=\"https:\/\/muap.sk\/wp-content\/uploads\/2026\/03\/smejko-a-tanculienka.jpg 1120w, https:\/\/muap.sk\/wp-content\/uploads\/2026\/03\/smejko-a-tanculienka-212x300.jpg 212w, https:\/\/muap.sk\/wp-content\/uploads\/2026\/03\/smejko-a-tanculienka-724x1024.jpg 724w, https:\/\/muap.sk\/wp-content\/uploads\/2026\/03\/smejko-a-tanculienka-768x1086.jpg 768w, https:\/\/muap.sk\/wp-content\/uploads\/2026\/03\/smejko-a-tanculienka-1086x1536.jpg 1086w\" sizes=\"(max-width: 1120px) 100vw, 1120px\" \/><\/figure><div class=\"featured-image-desc\"><span><a href=\"https:\/\/muap.sk\/index.php\/portfolio\/smejko-a-tanculienka\/\"><i class=\"fa fa-plus\"><\/i><\/a><\/span><div class=\"feature-inner-block\"><h3 class=\"feature-title-wrap\"><a href=\"https:\/\/muap.sk\/index.php\/portfolio\/smejko-a-tanculienka\/\">Smejko a tanculienka<\/a><\/h3><h4 class=\"feature-desc-wrap\"><\/h4><\/div><\/div><\/div><div class=\"tg-feature-product-widget element-item uxdesign tg-column-4 podujatia \" data-category=\"podujatia \"><figure><img width=\"1120\" height=\"1584\" src=\"https:\/\/muap.sk\/wp-content\/uploads\/2026\/03\/Tyzden-a-dost-PLA-A3.jpg\" class=\"attachment-full size-full wp-post-image\" alt=\"\" loading=\"lazy\" srcset=\"https:\/\/muap.sk\/wp-content\/uploads\/2026\/03\/Tyzden-a-dost-PLA-A3.jpg 1120w, https:\/\/muap.sk\/wp-content\/uploads\/2026\/03\/Tyzden-a-dost-PLA-A3-212x300.jpg 212w, https:\/\/muap.sk\/wp-content\/uploads\/2026\/03\/Tyzden-a-dost-PLA-A3-724x1024.jpg 724w, https:\/\/muap.sk\/wp-content\/uploads\/2026\/03\/Tyzden-a-dost-PLA-A3-768x1086.jpg 768w, https:\/\/muap.sk\/wp-content\/uploads\/2026\/03\/Tyzden-a-dost-PLA-A3-1086x1536.jpg 1086w\" sizes=\"(max-width: 1120px) 100vw, 1120px\" \/><\/figure><div class=\"featured-image-desc\"><span><a href=\"https:\/\/muap.sk\/index.php\/portfolio\/tyzden-a-dost\/\"><i class=\"fa fa-plus\"><\/i><\/a><\/span><div class=\"feature-inner-block\"><h3 class=\"feature-title-wrap\"><a href=\"https:\/\/muap.sk\/index.php\/portfolio\/tyzden-a-dost\/\">T\u00fd\u017ede\u0148 a dos\u0165<\/a><\/h3><h4 class=\"feature-desc-wrap\"><\/h4><\/div><\/div><\/div><div class=\"tg-feature-product-widget element-item uxdesign tg-column-4 podujatia \" data-category=\"podujatia \"><figure><img width=\"1120\" height=\"1584\" src=\"https:\/\/muap.sk\/wp-content\/uploads\/2026\/03\/Davidkove-kridla-PLA-A3-2026.jpg\" class=\"attachment-full size-full wp-post-image\" alt=\"\" loading=\"lazy\" srcset=\"https:\/\/muap.sk\/wp-content\/uploads\/2026\/03\/Davidkove-kridla-PLA-A3-2026.jpg 1120w, https:\/\/muap.sk\/wp-content\/uploads\/2026\/03\/Davidkove-kridla-PLA-A3-2026-212x300.jpg 212w, https:\/\/muap.sk\/wp-content\/uploads\/2026\/03\/Davidkove-kridla-PLA-A3-2026-724x1024.jpg 724w, https:\/\/muap.sk\/wp-content\/uploads\/2026\/03\/Davidkove-kridla-PLA-A3-2026-768x1086.jpg 768w, https:\/\/muap.sk\/wp-content\/uploads\/2026\/03\/Davidkove-kridla-PLA-A3-2026-1086x1536.jpg 1086w\" sizes=\"(max-width: 1120px) 100vw, 1120px\" \/><\/figure><div class=\"featured-image-desc\"><span><a href=\"https:\/\/muap.sk\/index.php\/portfolio\/davidkove-kridla\/\"><i class=\"fa fa-plus\"><\/i><\/a><\/span><div class=\"feature-inner-block\"><h3 class=\"feature-title-wrap\"><a href=\"https:\/\/muap.sk\/index.php\/portfolio\/davidkove-kridla\/\">D\u00e1vidkove kr\u00eddla<\/a><\/h3><h4 class=\"feature-desc-wrap\"><\/h4><\/div><\/div><\/div><div class=\"tg-feature-product-widget element-item uxdesign tg-column-4 podujatia \" data-category=\"podujatia \"><figure><img width=\"1120\" height=\"1584\" src=\"https:\/\/muap.sk\/wp-content\/uploads\/2026\/02\/DONAHA-18.9.2026-PLA-A3.jpg\" class=\"attachment-full size-full wp-post-image\" alt=\"\" loading=\"lazy\" srcset=\"https:\/\/muap.sk\/wp-content\/uploads\/2026\/02\/DONAHA-18.9.2026-PLA-A3.jpg 1120w, https:\/\/muap.sk\/wp-content\/uploads\/2026\/02\/DONAHA-18.9.2026-PLA-A3-212x300.jpg 212w, https:\/\/muap.sk\/wp-content\/uploads\/2026\/02\/DONAHA-18.9.2026-PLA-A3-724x1024.jpg 724w, https:\/\/muap.sk\/wp-content\/uploads\/2026\/02\/DONAHA-18.9.2026-PLA-A3-768x1086.jpg 768w, https:\/\/muap.sk\/wp-content\/uploads\/2026\/02\/DONAHA-18.9.2026-PLA-A3-1086x1536.jpg 1086w\" sizes=\"(max-width: 1120px) 100vw, 1120px\" \/><\/figure><div class=\"featured-image-desc\"><span><a href=\"https:\/\/muap.sk\/index.php\/portfolio\/donaha\/\"><i class=\"fa fa-plus\"><\/i><\/a><\/span><div class=\"feature-inner-block\"><h3 class=\"feature-title-wrap\"><a href=\"https:\/\/muap.sk\/index.php\/portfolio\/donaha\/\">DONAHA<\/a><\/h3><h4 class=\"feature-desc-wrap\"><\/h4><\/div><\/div><\/div><div class=\"tg-feature-product-widget element-item uxdesign tg-column-4 podujatia \" data-category=\"podujatia \"><figure><img width=\"1120\" height=\"1584\" src=\"https:\/\/muap.sk\/wp-content\/uploads\/2026\/04\/plagat-A3.jpg\" class=\"attachment-full size-full wp-post-image\" alt=\"\" loading=\"lazy\" srcset=\"https:\/\/muap.sk\/wp-content\/uploads\/2026\/04\/plagat-A3.jpg 1120w, https:\/\/muap.sk\/wp-content\/uploads\/2026\/04\/plagat-A3-212x300.jpg 212w, https:\/\/muap.sk\/wp-content\/uploads\/2026\/04\/plagat-A3-724x1024.jpg 724w, https:\/\/muap.sk\/wp-content\/uploads\/2026\/04\/plagat-A3-768x1086.jpg 768w, https:\/\/muap.sk\/wp-content\/uploads\/2026\/04\/plagat-A3-1086x1536.jpg 1086w\" sizes=\"(max-width: 1120px) 100vw, 1120px\" \/><\/figure><div class=\"featured-image-desc\"><span><a href=\"https:\/\/muap.sk\/index.php\/portfolio\/luk-2026\/\"><i class=\"fa fa-plus\"><\/i><\/a><\/span><div class=\"feature-inner-block\"><h3 class=\"feature-title-wrap\"><a href=\"https:\/\/muap.sk\/index.php\/portfolio\/luk-2026\/\">LUK 2026<\/a><\/h3><h4 class=\"feature-desc-wrap\"><\/h4><\/div><\/div><\/div><div class=\"tg-feature-product-widget element-item uxdesign tg-column-4 podujatia \" data-category=\"podujatia \"><figure><img width=\"1120\" height=\"1584\" src=\"https:\/\/muap.sk\/wp-content\/uploads\/2025\/01\/Poziciam-si.pdf.jpg\" class=\"attachment-full size-full wp-post-image\" alt=\"\" loading=\"lazy\" srcset=\"https:\/\/muap.sk\/wp-content\/uploads\/2025\/01\/Poziciam-si.pdf.jpg 1120w, https:\/\/muap.sk\/wp-content\/uploads\/2025\/01\/Poziciam-si.pdf-212x300.jpg 212w, https:\/\/muap.sk\/wp-content\/uploads\/2025\/01\/Poziciam-si.pdf-724x1024.jpg 724w, https:\/\/muap.sk\/wp-content\/uploads\/2025\/01\/Poziciam-si.pdf-768x1086.jpg 768w, https:\/\/muap.sk\/wp-content\/uploads\/2025\/01\/Poziciam-si.pdf-1086x1536.jpg 1086w\" sizes=\"(max-width: 1120px) 100vw, 1120px\" \/><\/figure><div class=\"featured-image-desc\"><span><a href=\"https:\/\/muap.sk\/index.php\/portfolio\/poziciam-si\/\"><i class=\"fa fa-plus\"><\/i><\/a><\/span><div class=\"feature-inner-block\"><h3 class=\"feature-title-wrap\"><a href=\"https:\/\/muap.sk\/index.php\/portfolio\/poziciam-si\/\">Po\u017ei\u010diam si<\/a><\/h3><h4 class=\"feature-desc-wrap\"><\/h4><\/div><\/div><\/div><div class=\"tg-feature-product-widget element-item uxdesign tg-column-4 podujatia \" data-category=\"podujatia \"><figure><img width=\"1120\" height=\"1584\" src=\"https:\/\/muap.sk\/wp-content\/uploads\/2025\/01\/Slepacia-polievka-pre-dusu-2026.jpg\" class=\"attachment-full size-full wp-post-image\" alt=\"\" loading=\"lazy\" srcset=\"https:\/\/muap.sk\/wp-content\/uploads\/2025\/01\/Slepacia-polievka-pre-dusu-2026.jpg 1120w, https:\/\/muap.sk\/wp-content\/uploads\/2025\/01\/Slepacia-polievka-pre-dusu-2026-212x300.jpg 212w, https:\/\/muap.sk\/wp-content\/uploads\/2025\/01\/Slepacia-polievka-pre-dusu-2026-724x1024.jpg 724w, https:\/\/muap.sk\/wp-content\/uploads\/2025\/01\/Slepacia-polievka-pre-dusu-2026-768x1086.jpg 768w, https:\/\/muap.sk\/wp-content\/uploads\/2025\/01\/Slepacia-polievka-pre-dusu-2026-1086x1536.jpg 1086w\" sizes=\"(max-width: 1120px) 100vw, 1120px\" \/><\/figure><div class=\"featured-image-desc\"><span><a href=\"https:\/\/muap.sk\/index.php\/portfolio\/slepacia-polievka-pre-dusu\/\"><i class=\"fa fa-plus\"><\/i><\/a><\/span><div class=\"feature-inner-block\"><h3 class=\"feature-title-wrap\"><a href=\"https:\/\/muap.sk\/index.php\/portfolio\/slepacia-polievka-pre-dusu\/\">Slepa\u010dia polievka pre du\u0161u<\/a><\/h3><h4 class=\"feature-desc-wrap\"><\/h4><\/div><\/div><\/div><\/div><!-- \/.tg-column-wrapper--><\/div><!-- \/.grid --><\/div><!-- \/.tg-container --><\/div><!-- \/.layout div --><\/div><\/div><\/div><\/div>","protected":false},"excerpt":{"rendered":"","protected":false},"author":1,"featured_media":0,"parent":0,"menu_order":0,"comment_status":"closed","ping_status":"closed","template":"","meta":[],"_links":{"self":[{"href":"https:\/\/muap.sk\/index.php\/wp-json\/wp\/v2\/pages\/494"}],"collection":[{"href":"https:\/\/muap.sk\/index.php\/wp-json\/wp\/v2\/pages"}],"about":[{"href":"https:\/\/muap.sk\/index.php\/wp-json\/wp\/v2\/types\/page"}],"author":[{"embeddable":true,"href":"https:\/\/muap.sk\/index.php\/wp-json\/wp\/v2\/users\/1"}],"replies":[{"embeddable":true,"href":"https:\/\/muap.sk\/index.php\/wp-json\/wp\/v2\/comments?post=494"}],"version-history":[{"count":6,"href":"https:\/\/muap.sk\/index.php\/wp-json\/wp\/v2\/pages\/494\/revisions"}],"predecessor-version":[{"id":785,"href":"https:\/\/muap.sk\/index.php\/wp-json\/wp\/v2\/pages\/494\/revisions\/785"}],"wp:attachment":[{"href":"https:\/\/muap.sk\/index.php\/wp-json\/wp\/v2\/media?parent=494"}],"curies":[{"name":"wp","href":"https:\/\/api.w.org\/{rel}","templated":true}]}}