{"id":656,"date":"2019-05-15T18:24:25","date_gmt":"2019-05-15T16:24:25","guid":{"rendered":"https:\/\/muap.sk\/?page_id=656"},"modified":"2019-05-16T14:12:39","modified_gmt":"2019-05-16T12:12:39","slug":"zakazka-2018","status":"publish","type":"page","link":"https:\/\/muap.sk\/index.php\/verejne-informacie\/profil-verejneho-obstaravatela\/zakazka-2018\/","title":{"rendered":"Z\u00e1kazka 2018"},"content":{"rendered":"<h3><\/h3>\n<h3 style=\"text-align: center;\">Z\u00e1kazky pod\u013ea \u00a7 117<\/h3>\n<p style=\"text-align: center;\"><strong>Rekon\u0161trukcia strechy Mestskej kni\u017enice v Partiz\u00e1nskom<\/strong><br \/>\n<a href=\"https:\/\/muap.sk\/wp-content\/uploads\/2019\/05\/zapis_z_prieskumu_-trhu_msk_strecha.pdf\" target=\"_blank\" rel=\"noopener\">Z\u00e1pis z prieskumu trhu &#8211; rekon\u0161trukcia strechy Mestskej kni\u017enice v Partiz\u00e1nskom<\/a><\/p>\n<p>&nbsp;<\/p>\n<p>&nbsp;<\/p>\n<p>&nbsp;<\/p>\n","protected":false},"excerpt":{"rendered":"<p>Z\u00e1kazky pod\u013ea \u00a7 117 Rekon\u0161trukcia strechy Mestskej kni\u017enice v Partiz\u00e1nskom Z\u00e1pis z prieskumu trhu &#8211; rekon\u0161trukcia strechy Mestskej kni\u017enice v [&hellip;]<\/p>\n","protected":false},"author":1,"featured_media":0,"parent":436,"menu_order":0,"comment_status":"closed","ping_status":"closed","template":"page-templates\/full-width.php","meta":[],"_links":{"self":[{"href":"https:\/\/muap.sk\/index.php\/wp-json\/wp\/v2\/pages\/656"}],"collection":[{"href":"https:\/\/muap.sk\/index.php\/wp-json\/wp\/v2\/pages"}],"about":[{"href":"https:\/\/muap.sk\/index.php\/wp-json\/wp\/v2\/types\/page"}],"author":[{"embeddable":true,"href":"https:\/\/muap.sk\/index.php\/wp-json\/wp\/v2\/users\/1"}],"replies":[{"embeddable":true,"href":"https:\/\/muap.sk\/index.php\/wp-json\/wp\/v2\/comments?post=656"}],"version-history":[{"count":2,"href":"https:\/\/muap.sk\/index.php\/wp-json\/wp\/v2\/pages\/656\/revisions"}],"predecessor-version":[{"id":686,"href":"https:\/\/muap.sk\/index.php\/wp-json\/wp\/v2\/pages\/656\/revisions\/686"}],"up":[{"embeddable":true,"href":"https:\/\/muap.sk\/index.php\/wp-json\/wp\/v2\/pages\/436"}],"wp:attachment":[{"href":"https:\/\/muap.sk\/index.php\/wp-json\/wp\/v2\/media?parent=656"}],"curies":[{"name":"wp","href":"https:\/\/api.w.org\/{rel}","templated":true}]}}