{"id":665,"date":"2019-05-15T18:31:18","date_gmt":"2019-05-15T16:31:18","guid":{"rendered":"https:\/\/muap.sk\/?page_id=665"},"modified":"2019-05-16T14:16:00","modified_gmt":"2019-05-16T12:16:00","slug":"665-2","status":"publish","type":"page","link":"https:\/\/muap.sk\/index.php\/verejne-informacie\/profil-verejneho-obstaravatela\/665-2\/","title":{"rendered":"Z\u00e1kazka 2016"},"content":{"rendered":"<h3 style=\"text-align: center;\"><\/h3>\n<h3 style=\"text-align: center;\">Z\u00e1kazky pod\u013ea \u00a7 117<\/h3>\n<p>&nbsp;<\/p>\n<p style=\"text-align: center;\"><a href=\"https:\/\/muap.sk\/wp-content\/uploads\/2019\/05\/02_2016.pdf\" target=\"_blank\" rel=\"noopener\">Rekon\u0161trukcia javiska v spolo\u010denskej s\u00e1le Domu kult\u00fary Partiz\u00e1nske<\/a><\/p>\n<p style=\"text-align: center;\"><a href=\"https:\/\/muap.sk\/wp-content\/uploads\/2019\/05\/01_2016.pdf\" target=\"_blank\" rel=\"noopener\">V\u00fdmena okien v Mestskej kni\u017enici<\/a><\/p>\n<p>&nbsp;<\/p>\n<p>&nbsp;<\/p>\n","protected":false},"excerpt":{"rendered":"<p>Z\u00e1kazky pod\u013ea \u00a7 117 &nbsp; Rekon\u0161trukcia javiska v spolo\u010denskej s\u00e1le Domu kult\u00fary Partiz\u00e1nske V\u00fdmena okien v Mestskej kni\u017enici &nbsp; &nbsp;<\/p>\n","protected":false},"author":1,"featured_media":0,"parent":436,"menu_order":0,"comment_status":"closed","ping_status":"closed","template":"page-templates\/full-width.php","meta":[],"_links":{"self":[{"href":"https:\/\/muap.sk\/index.php\/wp-json\/wp\/v2\/pages\/665"}],"collection":[{"href":"https:\/\/muap.sk\/index.php\/wp-json\/wp\/v2\/pages"}],"about":[{"href":"https:\/\/muap.sk\/index.php\/wp-json\/wp\/v2\/types\/page"}],"author":[{"embeddable":true,"href":"https:\/\/muap.sk\/index.php\/wp-json\/wp\/v2\/users\/1"}],"replies":[{"embeddable":true,"href":"https:\/\/muap.sk\/index.php\/wp-json\/wp\/v2\/comments?post=665"}],"version-history":[{"count":5,"href":"https:\/\/muap.sk\/index.php\/wp-json\/wp\/v2\/pages\/665\/revisions"}],"predecessor-version":[{"id":690,"href":"https:\/\/muap.sk\/index.php\/wp-json\/wp\/v2\/pages\/665\/revisions\/690"}],"up":[{"embeddable":true,"href":"https:\/\/muap.sk\/index.php\/wp-json\/wp\/v2\/pages\/436"}],"wp:attachment":[{"href":"https:\/\/muap.sk\/index.php\/wp-json\/wp\/v2\/media?parent=665"}],"curies":[{"name":"wp","href":"https:\/\/api.w.org\/{rel}","templated":true}]}}