{"id":674,"date":"2019-05-15T18:36:44","date_gmt":"2019-05-15T16:36:44","guid":{"rendered":"https:\/\/muap.sk\/?page_id=674"},"modified":"2019-05-16T14:31:56","modified_gmt":"2019-05-16T12:31:56","slug":"zakazka-2014","status":"publish","type":"page","link":"https:\/\/muap.sk\/index.php\/verejne-informacie\/profil-verejneho-obstaravatela\/zakazka-2014\/","title":{"rendered":"Z\u00e1kazka 2014"},"content":{"rendered":"<h3 style=\"text-align: center;\"><\/h3>\n<h3 style=\"text-align: center;\">Z\u00e1kazky pod\u013ea \u00a7 9, ods. 9<\/h3>\n<p style=\"text-align: center;\"><a href=\"https:\/\/muap.sk\/wp-content\/uploads\/2019\/05\/nakup_2ks_cerpadiel.pdf\" target=\"_blank\" rel=\"noopener\">N\u00e1kup 2 ks \u010derpadiel<\/a><\/p>\n<p style=\"text-align: center;\"><a href=\"https:\/\/muap.sk\/wp-content\/uploads\/2019\/05\/oprava_plachiet.pdf\" target=\"_blank\" rel=\"noopener\">Oprava a v\u00fdroba 2 ks plachiet na prestre\u0161enie p\u00f3dia<\/a><\/p>\n<p style=\"text-align: center;\"><a href=\"https:\/\/muap.sk\/wp-content\/uploads\/2019\/05\/oprava_drevenych_podloziek.pdf\" target=\"_blank\" rel=\"noopener\">Oprava, demont\u00e1\u017e, mont\u00e1\u017e dreven\u00fdch podlo\u017eiek<\/a><\/p>\n<p style=\"text-align: center;\"><a href=\"https:\/\/muap.sk\/wp-content\/uploads\/2019\/05\/rekonstrukcia_toaliet.pdf\" target=\"_blank\" rel=\"noopener\">Rekon\u0161trukcia toaliet na pr\u00edzem\u00ed Domu kult\u00fary Partiz\u00e1nske<\/a><\/p>\n<p>&nbsp;<\/p>\n","protected":false},"excerpt":{"rendered":"<p>Z\u00e1kazky pod\u013ea \u00a7 9, ods. 9 N\u00e1kup 2 ks \u010derpadiel Oprava a v\u00fdroba 2 ks plachiet na prestre\u0161enie p\u00f3dia Oprava, [&hellip;]<\/p>\n","protected":false},"author":1,"featured_media":0,"parent":436,"menu_order":0,"comment_status":"closed","ping_status":"closed","template":"page-templates\/full-width.php","meta":[],"_links":{"self":[{"href":"https:\/\/muap.sk\/index.php\/wp-json\/wp\/v2\/pages\/674"}],"collection":[{"href":"https:\/\/muap.sk\/index.php\/wp-json\/wp\/v2\/pages"}],"about":[{"href":"https:\/\/muap.sk\/index.php\/wp-json\/wp\/v2\/types\/page"}],"author":[{"embeddable":true,"href":"https:\/\/muap.sk\/index.php\/wp-json\/wp\/v2\/users\/1"}],"replies":[{"embeddable":true,"href":"https:\/\/muap.sk\/index.php\/wp-json\/wp\/v2\/comments?post=674"}],"version-history":[{"count":2,"href":"https:\/\/muap.sk\/index.php\/wp-json\/wp\/v2\/pages\/674\/revisions"}],"predecessor-version":[{"id":695,"href":"https:\/\/muap.sk\/index.php\/wp-json\/wp\/v2\/pages\/674\/revisions\/695"}],"up":[{"embeddable":true,"href":"https:\/\/muap.sk\/index.php\/wp-json\/wp\/v2\/pages\/436"}],"wp:attachment":[{"href":"https:\/\/muap.sk\/index.php\/wp-json\/wp\/v2\/media?parent=674"}],"curies":[{"name":"wp","href":"https:\/\/api.w.org\/{rel}","templated":true}]}}